{"id":19831,"date":"2025-05-20T12:59:12","date_gmt":"2025-05-20T10:59:12","guid":{"rendered":"https:\/\/www.diccionaridemedicina.app\/web\/lexcovid-authors\/"},"modified":"2025-09-04T12:21:28","modified_gmt":"2025-09-04T10:21:28","slug":"lexcovid-authors","status":"publish","type":"page","link":"https:\/\/www.diccionaridemedicina.app\/web\/en\/lexcovid-authors\/","title":{"rendered":"Lexcovid authors"},"content":{"rendered":"<p>[et_pb_section fb_built=&#8221;1&#8243; _builder_version=&#8221;4.16&#8243; global_colors_info=&#8221;{}&#8221;][et_pb_row column_structure=&#8221;3_4,1_4&#8243; _builder_version=&#8221;4.24.3&#8243; global_colors_info=&#8221;{}&#8221;][et_pb_column type=&#8221;3_4&#8243; _builder_version=&#8221;4.16&#8243; global_colors_info=&#8221;{}&#8221;][et_pb_text _builder_version=&#8221;4.27.4&#8243; _module_preset=&#8221;73a329d3-39ee-4081-84b8-8d263b8f598c&#8221; header_text_color=&#8221;#814996&#8243; custom_margin=&#8221;0px||10px||false|false&#8221; global_colors_info=&#8221;{}&#8221;]<\/p>\n<h1>lexcovid authors<\/h1>\n<p>[\/et_pb_text][et_pb_text _builder_version=&#8221;4.27.4&#8243; header_2_text_color=&#8221;#814996&#8243; header_2_font_size=&#8221;42px&#8221; text_orientation=&#8221;justified&#8221; global_colors_info=&#8221;{}&#8221;]<\/p>\n<p><strong>Project idea and direction:<\/strong> Rosa Estop\u00e0<\/p>\n<p><strong>Editors and linguistic reviewers of the dictionary:<\/strong> Immaculada Creus, Ona Dom\u00e8nech, Rosa Estop\u00e0, Ludovic Masson, Jorge M. Porras-Garz\u00f3n, Miguel S\u00e1nchez-Ib\u00e1\u00f1ez, Isabel Santamaria, Ana Rosa Terroba, Laia Vidal-Saban\u00e9s.<\/p>\n<p><strong>Paediatricians and medical advisors and scientific reviewers:<\/strong> Jaume Franc\u00ed, M. \u00c0ngels L\u00f3pez and Fernando Navarro.<\/p>\n<p><strong>Data management:<\/strong> Jorge M. Porras-Garz\u00f3n; Rosa Estop\u00e0, Ludovic Masson, Ana Rosa Terroba; and Terminology students from the 2021-2022 academic year in Translation and Science of Language from the UPF, especially, S\u00edlvia Bravo and Mar Fijo.<\/p>\n<p>[\/et_pb_text][et_pb_text _builder_version=&#8221;4.27.4&#8243; header_2_text_color=&#8221;#814996&#8243; header_2_font_size=&#8221;42px&#8221; text_orientation=&#8221;justified&#8221; global_colors_info=&#8221;{}&#8221;]<\/p>\n<p><strong>Authors of the drawings and the working lexicographical corpus:<\/strong> pupils from different schools in 4 autonomous communities:<\/p>\n<p><strong>Catalonia<\/strong> (coordinated by Rosa Estop\u00e0):<\/p>\n<ul>\n<li><a href=\"https:\/\/agora.xtec.cat\/ceip-annexa-jp\/\">Escola Annexa-Joan Puigbert<\/a>, Girona. School coordinator (CC): Joan Par\u00e9s <\/li>\n<li><a href=\"https:\/\/escaladei.cat\/\">Escola Escaladei<\/a>, Cerdanyola del Vall\u00e8s. CC: N\u00faria Masip <\/li>\n<li><a href=\"https:\/\/agora.xtec.cat\/escolasantjordi\/\">Escola Sant Jordi<\/a>, Pineda de Mar. CC: Cristina Estop\u00e0 <\/li>\n<li><a href=\"https:\/\/santnicolau.com\/\">Escola Sant Nicolau<\/a>, Sabadell. CC: Magda Urgel\u00e9s <\/li>\n<li><a href=\"https:\/\/agora.xtec.cat\/iemontseny\/\">Institut Escola Montseny<\/a>, Breda. CC: Alba Maicas <\/li>\n<li><a href=\"https:\/\/portal.institutguindavols.cat\/\">Institut Guind\u00e0vols<\/a>, Lleida. CC: Imma Creus <\/li>\n<li><a href=\"https:\/\/agora.xtec.cat\/ins-sagulla\/\">Institut S&#8217;Agulla<\/a>, Blanes. CC: N\u00faria Vel\u00e0zquez <\/li>\n<li><a href=\"https:\/\/agora.xtec.cat\/zerelromani\/\">Zer El Roman\u00ed<\/a>, Montgai. CC: Ester Gili <\/li>\n<\/ul>\n<p><strong>La Rioja<\/strong> (coordinated by Ana Rosa Terroba):<\/p>\n<ul>\n<li><a href=\"https:\/\/ceipduquesa.larioja.edu.es\/\">C.E.I.P. Duquesa de la Victoria<\/a>, Logro\u00f1o. CC: Estrella Arauz G\u00f3mez-Cadi\u00f1anos <\/li>\n<li><a href=\"https:\/\/www.escolapioslogrono.org\/\">Escolapios<\/a>, Logro\u00f1o. CC: M\u00f3nica Peralta Ram\u00edrez <\/li>\n<li><a href=\"https:\/\/www.escolapiassotillo.org\/\">Escolapias Sotillo<\/a>, Logro\u00f1o. CC: Elena Fern\u00e1ndez de Luco Marauri <\/li>\n<li><a href=\"https:\/\/iescomercio.com\/\">I.E.S. Comercio de Logro\u00f1o<\/a>, Logro\u00f1o. CC: Mar\u00eda Pajuelo Merino <\/li>\n<\/ul>\n<p><strong>Communities centre<\/strong> (coordinated by Nava Maroto and Miguel S\u00e1nchez Ib\u00e1\u00f1ez):<\/p>\n<ul>\n<li><a href=\"https:\/\/www.educa2.madrid.org\/web\/centro.cp.seisdediciembre.alcobendas\">C.E.I.P. Seis de diciembre<\/a>, Alcobendas (Madrid). CC: Julia Garc\u00eda Marmolejo <\/li>\n<li><a href=\"https:\/\/sites.google.com\/site\/seciesalonso\/inicio?authuser=0\">IES Alonso de Ercilla<\/a>, Oca\u00f1a (Toledo). CC: Carmen de Soignie Fern\u00e1ndez <\/li>\n<li><a href=\"http:\/\/iesuniversidadlaboral.centros.educa.jcyl.es\/\">IES Universidad Laboral Zamora<\/a>, Zamora. CC: Bel\u00e9n Rodr\u00edguez Hern\u00e1ndez <\/li>\n<\/ul>\n<p><strong>Valencian Community<\/strong> (coordinated by Isabel Santamar\u00eda):<\/p>\n<ul>\n<li><a href=\"https:\/\/www.almedia.org\/\">Colegio Almedia<\/a>, Callosa d&#8217;en Sarri\u00e0. CC: Marina Verd\u00fa Cant\u00f3 <\/li>\n<li><a href=\"https:\/\/www.colegioelplanet.com\/\">Colegio El Planet<\/a>, Altea. CC: \u00c0ngela Guardiola L\u00f3pez <\/li>\n<li><a href=\"https:\/\/mestreacasa.gva.es\/web\/lesrotesaltea\/\">Colegio Les Rotes<\/a>, Altea. CC: Klelia Echenique Lara <\/li>\n<li><a href=\"https:\/\/portal.edu.gva.es\/colegioaltealavella\/\">Colegio p\u00fablico Altea la Vella<\/a>, Altea la Vella. CC: M\u00aa Carmen Rodenas Mar\u00edn <\/li>\n<li><a href=\"https:\/\/portal.edu.gva.es\/blanquinal\/\">Colegio p\u00fablico El Blanquinal<\/a>, Altea. CC: M\u00aa Montserrat Fern\u00e1ndez Fresneda <\/li>\n<\/ul>\n<p>[\/et_pb_text][\/et_pb_column][et_pb_column type=&#8221;1_4&#8243; _builder_version=&#8221;4.16&#8243; global_colors_info=&#8221;{}&#8221;][et_pb_image src=&#8221;https:\/\/www.diccionaridemedicina.app\/web\/wp-content\/uploads\/dibuixos\/lexcovid\/coronavirus-N2-Zemab-SAgulla.jpg&#8221; title_text=&#8221;Zemab &#8211; S&#039;Agulla&#8221; show_bottom_space=&#8221;off&#8221; align=&#8221;center&#8221; disabled_on=&#8221;off|off|off&#8221; _builder_version=&#8221;4.27.4&#8243; max_width=&#8221;300px&#8221; module_alignment=&#8221;center&#8221; custom_margin=&#8221;||0px||false|false&#8221; animation_direction=&#8221;right&#8221; sticky_limit_bottom=&#8221;row&#8221; scroll_vertical_motion_enable=&#8221;on&#8221; scroll_vertical_motion=&#8221;0|50|50|100|-1.5|0|1.5&#8243; hover_enabled=&#8221;0&#8243; sticky_position_tablet=&#8221;none&#8221; sticky_position_phone=&#8221;none&#8221; sticky_position_last_edited=&#8221;off|desktop&#8221; scroll_vertical_motion_tablet=&#8221;0|50|50|100|0|0|0&#8243; scroll_vertical_motion_phone=&#8221;0|50|50|100|0|0|0&#8243; scroll_vertical_motion_last_edited=&#8221;on|tablet&#8221; global_colors_info=&#8221;{}&#8221; sticky_enabled=&#8221;0&#8243;][\/et_pb_image][\/et_pb_column][\/et_pb_row][et_pb_row column_structure=&#8221;1_4,3_4&#8243; _builder_version=&#8221;4.27.4&#8243; global_colors_info=&#8221;{}&#8221;][et_pb_column type=&#8221;1_4&#8243; _builder_version=&#8221;4.27.4&#8243; _module_preset=&#8221;default&#8221; global_colors_info=&#8221;{}&#8221;][et_pb_image src=&#8221;https:\/\/www.diccionaridemedicina.app\/web\/wp-content\/uploads\/dibuixos\/lexcovid\/vacuna-N2-Monica-AlonsoErcilla.jpg&#8221; title_text=&#8221;M\u00f2nica &#8211; Alonso Ercilla&#8221; show_bottom_space=&#8221;off&#8221; align=&#8221;center&#8221; disabled_on=&#8221;off|off|off&#8221; _builder_version=&#8221;4.27.4&#8243; max_width=&#8221;300px&#8221; module_alignment=&#8221;center&#8221; custom_margin=&#8221;||20px||false|false&#8221; animation_direction=&#8221;right&#8221; sticky_limit_bottom=&#8221;row&#8221; scroll_vertical_motion_enable=&#8221;on&#8221; scroll_vertical_motion=&#8221;0|50|50|100|0|0.5|1&#8243; hover_enabled=&#8221;0&#8243; sticky_position_tablet=&#8221;none&#8221; sticky_position_phone=&#8221;none&#8221; sticky_position_last_edited=&#8221;off|desktop&#8221; scroll_vertical_motion_tablet=&#8221;0|50|50|100|0|0|0&#8243; scroll_vertical_motion_phone=&#8221;0|50|50|100|0|0|0&#8243; scroll_vertical_motion_last_edited=&#8221;on|desktop&#8221; global_colors_info=&#8221;{}&#8221; sticky_enabled=&#8221;0&#8243;][\/et_pb_image][\/et_pb_column][et_pb_column type=&#8221;3_4&#8243; _builder_version=&#8221;4.16&#8243; global_colors_info=&#8221;{}&#8221;][et_pb_text _builder_version=&#8221;4.27.4&#8243; header_2_text_color=&#8221;#814996&#8243; header_2_font_size=&#8221;42px&#8221; text_orientation=&#8221;justified&#8221; global_colors_info=&#8221;{}&#8221;]<\/p>\n<p>The management of the work would like to thank the entire team of teachers and professors from all the collaborating educational centres that made possible the systematic and constant work with their students during the 2022 &#8211; 2023 academic year.<\/p>\n<p><strong>Voices:<\/strong> pupils in the sixth year of primary school in the 2022-2023 school year at the Escola Annexa Joan Puigbert as part of a project on Reading specialised texts out loud coordinated by the teachers Joan Par\u00e9s, \u00c0les Pepiol and N\u00faria Pinsach.<\/p>\n<p><strong>Audio management and recording:<\/strong> Joan Par\u00e9s.<\/p>\n<p><strong>Digital adaptation and web maintenance:<\/strong> <a href=\"https:\/\/www.estudifgh.net\" title=\"www.estudifgh.net\">Estudi FGH.net<\/a><\/p>\n<p><strong>Digital version coordination:<\/strong> Estudi Kalimba.<\/p>\n<p><strong>Development of the Android app:<\/strong> Perception Technologies.<\/p>\n<p>[\/et_pb_text][et_pb_text _builder_version=&#8221;4.27.4&#8243; header_2_text_color=&#8221;#814996&#8243; header_2_font_size=&#8221;42px&#8221; text_orientation=&#8221;justified&#8221; global_colors_info=&#8221;{}&#8221;]<\/p>\n<p><strong>Projects:<\/strong><\/p>\n<p>This work has been developed within the framework of the IULATERM group of the Institut de linguistica aplicada ( Applied linguistics Institute) of the Universitat Pompeu Fabra (Pompeu Fabra University), as part of the projects:<\/p>\n<p><em>Jugant a definir la ci\u00e8ncia:<\/em> <a href=\"http:\/defciencia.iula.upf.edu\/\">http:\/\/defciencia.iula.upf.edu\/<\/a> (IP: Rosa Estop\u00e0)<\/p>\n<p>Projecte LEXCOVID &#8211; Joan Or\u00f3-2021 FCRI: <em>Imaginaris de la pand\u00e8mia: la construcci\u00f3 d&#8217;un discurs cient\u00edfic en la poblaci\u00f3 infantil a trav\u00e9s de la conceptualitzaci\u00f3 dels mots; <\/em><a href=\"https:\/\/www.upf.edu\/web\/iulaterm\/lexcovid\">https:\/\/www.upf.edu\/web\/iulaterm\/lexcovid<\/a> (IP: Rosa Estop\u00e0)<\/p>\n<p><em>LEXMED. L\u00e9xico m\u00e9dico y definici\u00f3n: la construcci\u00f3n din\u00e1mica del significado terminol\u00f3gico a trav\u00e9s de un corpus lexicogr\u00e1fico escolar (Medical lexicon and definition: the dynamic construction of terminological meaning through a school lexicographical corpus) <\/em>PID2021-125906NB-I00\/MICIN\/AEI\/10.13039\/501100011033\/FEDER, UE, financed by the Ministerio de Ciencia e Innovaci\u00f3n (Science and Innovation Ministery), la Agencia Estatal de Investigaci\u00f3n (The State ministry agency) and el Fondo Europeo de Desarrollo Regional (European Regional development fund). IP: Rosa Estop\u00e0.  <a href=\"https:\/\/www.upf.edu\/web\/iulaterm\/lexmed\">https:\/\/www.upf.edu\/web\/iulaterm\/lexmed<\/a> <\/p>\n<p>[\/et_pb_text][\/et_pb_column][\/et_pb_row][et_pb_row use_custom_gutter=&#8221;on&#8221; gutter_width=&#8221;2&#8243; make_equal=&#8221;on&#8221; module_class=&#8221;row-fila-logos-flex&#8221; _builder_version=&#8221;4.27.4&#8243; module_alignment=&#8221;center&#8221; custom_margin=&#8221;2rem||||false|false&#8221; custom_padding=&#8221;3rem||||false|false&#8221; border_width_top=&#8221;3px&#8221; border_color_top=&#8221;rgba(137,191,78,0.43)&#8221; border_style_top=&#8221;dotted&#8221; global_colors_info=&#8221;{}&#8221;][et_pb_column type=&#8221;4_4&#8243; _builder_version=&#8221;4.27.4&#8243; global_colors_info=&#8221;{}&#8221;][et_pb_text _builder_version=&#8221;4.27.4&#8243; _module_preset=&#8221;default&#8221; text_orientation=&#8221;center&#8221; custom_margin=&#8221;||5px||false|false&#8221; global_colors_info=&#8221;{}&#8221;]<\/p>\n<p><em><strong>The project has received support from:<\/strong><\/em><\/p>\n<p>[\/et_pb_text][et_pb_image src=&#8221;https:\/\/www.diccionaridemedicina.app\/web\/wp-content\/uploads\/2024\/12\/logo-collaboradors-UFP-Iulaterm.png&#8221; title_text=&#8221;Universitat Pompeu Fabra Iulaterm&#8221; _builder_version=&#8221;4.27.4&#8243; custom_css_free_form=&#8221;selector { flex: 0 0 220px !important; max-width: 220px !important; }&#8221; global_colors_info=&#8221;{}&#8221;][\/et_pb_image][et_pb_image src=&#8221;https:\/\/www.diccionaridemedicina.app\/web\/wp-content\/uploads\/2024\/12\/logo-collaboradors-fcri.png&#8221; title_text=&#8221;Fundaci\u00f3 Catalana per a la Recerca i la Innovaci\u00f3&#8221; _builder_version=&#8221;4.27.4&#8243; global_colors_info=&#8221;{}&#8221;][\/et_pb_image][et_pb_image src=&#8221;https:\/\/www.diccionaridemedicina.app\/web\/wp-content\/uploads\/2024\/12\/logo-collaboradors-ministerio-ciencia-innovacion.png&#8221; title_text=&#8221;Ministerio de Ciencia e Innovaci\u00f3n&#8221; _builder_version=&#8221;4.27.4&#8243; global_colors_info=&#8221;{}&#8221;][\/et_pb_image][et_pb_image src=&#8221;https:\/\/www.diccionaridemedicina.app\/web\/wp-content\/uploads\/2024\/12\/logo-collaboradors-rioja-salud.png&#8221; title_text=&#8221;Rioja Salud Fundaci\u00f3n&#8221; _builder_version=&#8221;4.27.4&#8243; global_colors_info=&#8221;{}&#8221;][\/et_pb_image][et_pb_image src=&#8221;https:\/\/www.diccionaridemedicina.app\/web\/wp-content\/uploads\/2024\/12\/logo-collaboradors-Hospital-del-Mar.png&#8221; title_text=&#8221;Hospital del Mar Barcelona&#8221; _builder_version=&#8221;4.27.4&#8243; global_colors_info=&#8221;{}&#8221;][\/et_pb_image][et_pb_image src=&#8221;https:\/\/www.diccionaridemedicina.app\/web\/wp-content\/uploads\/2024\/12\/logo-collaboradors-USC.png&#8221; title_text=&#8221;Universidad de Santiago de Compostela&#8221; _builder_version=&#8221;4.27.4&#8243; global_colors_info=&#8221;{}&#8221;][\/et_pb_image][\/et_pb_column][\/et_pb_row][\/et_pb_section][et_pb_section fb_built=&#8221;1&#8243; prev_background_color=&#8221;#ffffff&#8221; _builder_version=&#8221;4.16&#8243; background_enable_color=&#8221;off&#8221; use_background_color_gradient=&#8221;on&#8221; background_color_gradient_stops=&#8221;#52a1c2 0%|#89bf4e 100%&#8221; background_color_gradient_start=&#8221;#52a1c2&#8243; background_color_gradient_end=&#8221;#89bf4e&#8221; top_divider_style=&#8221;clouds2&#8243; background_color_gradient_stops_tablet=&#8221;#52a1c2 0%|#89bf4e 100%&#8221; background_color_gradient_stops_phone=&#8221;#52a1c2 0%|#89bf4e 100%&#8221; border_width_bottom=&#8221;2px&#8221; border_color_bottom=&#8221;#ffffff&#8221; global_module=&#8221;4511&#8243; saved_tabs=&#8221;all&#8221; global_colors_info=&#8221;{}&#8221;][et_pb_row _builder_version=&#8221;4.27.4&#8243; border_color_bottom=&#8221;rgba(66,158,85,0.5)&#8221; border_style_bottom=&#8221;dotted&#8221; global_colors_info=&#8221;{}&#8221;][et_pb_column type=&#8221;4_4&#8243; _builder_version=&#8221;4.16&#8243; global_colors_info=&#8221;{}&#8221;][et_pb_divider show_divider=&#8221;off&#8221; _builder_version=&#8221;4.16&#8243; global_colors_info=&#8221;{}&#8221;][\/et_pb_divider][\/et_pb_column][\/et_pb_row][\/et_pb_section][et_pb_section fb_built=&#8221;1&#8243; admin_label=&#8221;Secci\u00f3 Cards Links&#8221; module_class=&#8221;row-cards-seccions&#8221; _builder_version=&#8221;4.19.0&#8243; background_color=&#8221;#3d398e&#8221; custom_margin=&#8221;0px|0px|0px|0px|true|true&#8221; custom_padding=&#8221;0px|0px|0px|0px|true|true&#8221; global_module=&#8221;2071&#8243; global_colors_info=&#8221;{}&#8221;][et_pb_row column_structure=&#8221;1_4,1_4,1_4,1_4&#8243; _builder_version=&#8221;4.27.4&#8243; _module_preset=&#8221;ffc3ae23-75df-4d7c-bbad-b9ba16f8cb1b&#8221; global_colors_info=&#8221;{}&#8221;][et_pb_column type=&#8221;1_4&#8243; _builder_version=&#8221;4.19.0&#8243; background_color=&#8221;gcid-624f086e-d20b-4caa-9ce3-022dd6566686&#8243; global_colors_info=&#8221;{%22gcid-624f086e-d20b-4caa-9ce3-022dd6566686%22:%91%22background_color%22%93}&#8221;][et_pb_cta title=&#8221;dictionary&#8221; button_url=&#8221;@ET-DC@eyJkeW5hbWljIjp0cnVlLCJjb250ZW50IjoicG9zdF9saW5rX3VybF9wYWdlIiwic2V0dGluZ3MiOnsicG9zdF9pZCI6IjgyIn19@&#8221; button_text=&#8221;see dictionary&#8221; _builder_version=&#8221;4.27.4&#8243; _dynamic_attributes=&#8221;button_url,link_option_url&#8221; _module_preset=&#8221;4d86b8bb-32a7-44ec-99eb-77de90da6af3&#8243; link_option_url=&#8221;@ET-DC@eyJkeW5hbWljIjp0cnVlLCJjb250ZW50IjoicG9zdF9saW5rX3VybF9wYWdlIiwic2V0dGluZ3MiOnsicG9zdF9pZCI6IjgyIn19@&#8221; global_colors_info=&#8221;{}&#8221;]<\/p>\n<p>Lexicographical corpus of the dictionary in alphabetical order.<\/p>\n<p>[\/et_pb_cta][\/et_pb_column][et_pb_column type=&#8221;1_4&#8243; _builder_version=&#8221;4.19.0&#8243; background_color=&#8221;gcid-32db61ed-e48a-45de-8f3f-161bcc35538f&#8221; global_colors_info=&#8221;{%22gcid-32db61ed-e48a-45de-8f3f-161bcc35538f%22:%91%22background_color%22%93}&#8221;][et_pb_cta title=&#8221;atlas&#8221; button_url=&#8221;@ET-DC@eyJkeW5hbWljIjp0cnVlLCJjb250ZW50IjoicG9zdF9saW5rX3VybF9wYWdlIiwic2V0dGluZ3MiOnsicG9zdF9pZCI6Ijc5NCJ9fQ==@&#8221; button_text=&#8221;see atlas&#8221; _builder_version=&#8221;4.27.4&#8243; _dynamic_attributes=&#8221;button_url,link_option_url&#8221; _module_preset=&#8221;4d86b8bb-32a7-44ec-99eb-77de90da6af3&#8243; background_color=&#8221;gcid-32db61ed-e48a-45de-8f3f-161bcc35538f&#8221; background_image=&#8221;https:\/\/www.diccionaridemedicina.app\/web\/wp-content\/uploads\/2024\/12\/general-atles-perfil-1-1.png&#8221; background_size=&#8221;contain&#8221; background_position=&#8221;center_left&#8221; background_blend=&#8221;multiply&#8221; transform_translate_linked__hover=&#8221;off&#8221; z_index=&#8221;0&#8243; link_option_url=&#8221;@ET-DC@eyJkeW5hbWljIjp0cnVlLCJjb250ZW50IjoicG9zdF9saW5rX3VybF9wYWdlIiwic2V0dGluZ3MiOnsicG9zdF9pZCI6Ijc5NCJ9fQ==@&#8221; z_index_last_edited=&#8221;off|desktop&#8221; global_colors_info=&#8221;{%22gcid-624f086e-d20b-4caa-9ce3-022dd6566686%22:%91%22background_color%22%93,%22gcid-32db61ed-e48a-45de-8f3f-161bcc35538f%22:%91%22background_color%22%93}&#8221; transform_styles__hover_enabled=&#8221;on|desktop&#8221; transform_translate__hover_enabled=&#8221;on|desktop&#8221; transform_rotate__hover_enabled=&#8221;on|desktop&#8221; transform_skew__hover_enabled=&#8221;on|desktop&#8221; transform_translate__hover=&#8221;&#8221; transform_origin__hover=&#8221;50%|100%&#8221;]<\/p>\n<p>Illustrated plates about the human body and other contents related to health and medicine.<\/p>\n<p>[\/et_pb_cta][\/et_pb_column][et_pb_column type=&#8221;1_4&#8243; _builder_version=&#8221;4.19.0&#8243; background_color=&#8221;gcid-946454a8-72a2-44a7-ac42-03f1dedcb092&#8243; global_colors_info=&#8221;{%22gcid-946454a8-72a2-44a7-ac42-03f1dedcb092%22:%91%22background_color%22%93}&#8221;][et_pb_cta title=&#8221;activities&#8221; button_url=&#8221;@ET-DC@eyJkeW5hbWljIjp0cnVlLCJjb250ZW50IjoicG9zdF9saW5rX3VybF9wYWdlIiwic2V0dGluZ3MiOnsicG9zdF9pZCI6IjEyMjAifX0=@&#8221; button_text=&#8221;see activities&#8221; _builder_version=&#8221;4.27.4&#8243; _dynamic_attributes=&#8221;button_url,link_option_url&#8221; _module_preset=&#8221;4d86b8bb-32a7-44ec-99eb-77de90da6af3&#8243; background_color=&#8221;gcid-946454a8-72a2-44a7-ac42-03f1dedcb092&#8243; background_image=&#8221;https:\/\/www.diccionaridemedicina.app\/web\/wp-content\/uploads\/2024\/12\/icona-activitats.png&#8221; background_size=&#8221;contain&#8221; background_position=&#8221;center_right&#8221; transform_translate_linked__hover=&#8221;off&#8221; link_option_url=&#8221;@ET-DC@eyJkeW5hbWljIjp0cnVlLCJjb250ZW50IjoicG9zdF9saW5rX3VybF9wYWdlIiwic2V0dGluZ3MiOnsicG9zdF9pZCI6IjEyMjAifX0=@&#8221; global_colors_info=&#8221;{%22gcid-624f086e-d20b-4caa-9ce3-022dd6566686%22:%91%22background_color%22%93,%22gcid-946454a8-72a2-44a7-ac42-03f1dedcb092%22:%91%22background_color%22%93}&#8221; transform_styles__hover_enabled=&#8221;on|desktop&#8221; transform_origin__hover_enabled=&#8221;on|desktop&#8221; transform_translate__hover=&#8221;&#8221; transform_translate__hover_enabled=&#8221;on|desktop&#8221; transform_origin__hover=&#8221;50%|100%&#8221;]<\/p>\n<p>Interactive games to approach the content of the dictionary in a fun way.<\/p>\n<p>[\/et_pb_cta][\/et_pb_column][et_pb_column type=&#8221;1_4&#8243; _builder_version=&#8221;4.19.0&#8243; background_color=&#8221;gcid-f9b9f18f-d1ff-470f-bcd0-8275101ac74e&#8221; global_colors_info=&#8221;{%22gcid-f9b9f18f-d1ff-470f-bcd0-8275101ac74e%22:%91%22background_color%22%93}&#8221;][et_pb_cta title=&#8221;covid-19&#8243; button_url=&#8221;@ET-DC@eyJkeW5hbWljIjp0cnVlLCJjb250ZW50IjoicG9zdF9saW5rX3VybF9wYWdlIiwic2V0dGluZ3MiOnsicG9zdF9pZCI6IjU1NTYifX0=@&#8221; button_text=&#8221;see lexcovid&#8221; _builder_version=&#8221;4.27.4&#8243; _dynamic_attributes=&#8221;button_url,link_option_url&#8221; _module_preset=&#8221;4d86b8bb-32a7-44ec-99eb-77de90da6af3&#8243; background_color=&#8221;gcid-f9b9f18f-d1ff-470f-bcd0-8275101ac74e&#8221; background_image=&#8221;https:\/\/www.diccionaridemedicina.app\/web\/wp-content\/uploads\/2024\/12\/icona-lexcovid.png&#8221; background_size=&#8221;custom&#8221; background_image_width=&#8221;150px&#8221; background_position=&#8221;top_right&#8221; background_vertical_offset=&#8221;10%&#8221; transform_translate_linked__hover=&#8221;off&#8221; link_option_url=&#8221;@ET-DC@eyJkeW5hbWljIjp0cnVlLCJjb250ZW50IjoicG9zdF9saW5rX3VybF9wYWdlIiwic2V0dGluZ3MiOnsicG9zdF9pZCI6IjU1NTYifX0=@&#8221; global_colors_info=&#8221;{%22gcid-624f086e-d20b-4caa-9ce3-022dd6566686%22:%91%22background_color%22%93,%22gcid-f9b9f18f-d1ff-470f-bcd0-8275101ac74e%22:%91%22background_color%22%93}&#8221; transform_styles__hover_enabled=&#8221;on|desktop&#8221; transform_origin__hover_enabled=&#8221;on|desktop&#8221; transform_translate__hover=&#8221;&#8221; transform_translate__hover_enabled=&#8221;on|desktop&#8221; transform_origin__hover=&#8221;50%|100%&#8221;]<\/p>\n<p>Covid-19 is a highly contagious infectious disease caused by a virus, specifically, by a coronavirus called SARS-COV-2.<\/p>\n<p>[\/et_pb_cta][\/et_pb_column][\/et_pb_row][\/et_pb_section]<\/p>\n","protected":false},"excerpt":{"rendered":"<p>Project idea and direction: Rosa Estop\u00e0<br \/>\nThe First Illustrated dictionary of Medicine. Estop\u00e0, R. (ed.) was published in paper format by Publicacions de l&#8217;Abadia de Montserrat in May 2018. <\/p>\n","protected":false},"author":1,"featured_media":18774,"parent":0,"menu_order":8,"comment_status":"closed","ping_status":"closed","template":"","meta":{"_et_pb_use_builder":"on","_et_pb_old_content":"","_et_gb_content_width":"","iawp_total_views":3,"footnotes":""},"class_list":["post-19831","page","type-page","status-publish","has-post-thumbnail","hentry"],"_links":{"self":[{"href":"https:\/\/www.diccionaridemedicina.app\/web\/en\/wp-json\/wp\/v2\/pages\/19831","targetHints":{"allow":["GET"]}}],"collection":[{"href":"https:\/\/www.diccionaridemedicina.app\/web\/en\/wp-json\/wp\/v2\/pages"}],"about":[{"href":"https:\/\/www.diccionaridemedicina.app\/web\/en\/wp-json\/wp\/v2\/types\/page"}],"author":[{"embeddable":true,"href":"https:\/\/www.diccionaridemedicina.app\/web\/en\/wp-json\/wp\/v2\/users\/1"}],"replies":[{"embeddable":true,"href":"https:\/\/www.diccionaridemedicina.app\/web\/en\/wp-json\/wp\/v2\/comments?post=19831"}],"version-history":[{"count":0,"href":"https:\/\/www.diccionaridemedicina.app\/web\/en\/wp-json\/wp\/v2\/pages\/19831\/revisions"}],"wp:featuredmedia":[{"embeddable":true,"href":"https:\/\/www.diccionaridemedicina.app\/web\/en\/wp-json\/wp\/v2\/media\/18774"}],"wp:attachment":[{"href":"https:\/\/www.diccionaridemedicina.app\/web\/en\/wp-json\/wp\/v2\/media?parent=19831"}],"curies":[{"name":"wp","href":"https:\/\/api.w.org\/{rel}","templated":true}]}}