{"id":19844,"date":"2025-05-20T13:07:30","date_gmt":"2025-05-20T11:07:30","guid":{"rendered":"https:\/\/www.diccionaridemedicina.app\/web\/premios\/"},"modified":"2026-03-21T08:47:53","modified_gmt":"2026-03-21T06:47:53","slug":"premios","status":"publish","type":"page","link":"https:\/\/www.diccionaridemedicina.app\/web\/es\/premios\/","title":{"rendered":"Premios"},"content":{"rendered":"<p>[et_pb_section fb_built=\u00bb1&#8243; _builder_version=\u00bb4.16&#8243; custom_padding=\u00bb||0px|||\u00bb global_colors_info=\u00bb{}\u00bb][et_pb_row _builder_version=\u00bb4.16&#8243; width=\u00bb90%\u00bb custom_padding=\u00bb||||false|true\u00bb animation_style=\u00bbfade\u00bb animation_duration=\u00bb450ms\u00bb border_width_bottom=\u00bb2px\u00bb border_color_bottom=\u00bbrgba(66,158,85,0.5)\u00bb border_style_bottom=\u00bbdotted\u00bb global_colors_info=\u00bb{}\u00bb][et_pb_column type=\u00bb4_4&#8243; _builder_version=\u00bb4.16&#8243; global_colors_info=\u00bb{}\u00bb][et_pb_text _builder_version=\u00bb4.27.4&#8243; _module_preset=\u00bb73a329d3-39ee-4081-84b8-8d263b8f598c\u00bb header_text_color=\u00bb#89BF4E\u00bb global_colors_info=\u00bb{}\u00bb]<\/p>\n<h1>premios<\/h1>\n<p>[\/et_pb_text][\/et_pb_column][\/et_pb_row][et_pb_row column_structure=\u00bb2_3,1_3&#8243; _builder_version=\u00bb4.27.4&#8243; width=\u00bb90%\u00bb custom_padding=\u00bb||||false|true\u00bb animation_style=\u00bbfade\u00bb animation_direction=\u00bbbottom\u00bb animation_duration=\u00bb450ms\u00bb border_width_bottom=\u00bb2px\u00bb border_color_bottom=\u00bbrgba(66,158,85,0.5)\u00bb border_style_bottom=\u00bbdotted\u00bb global_colors_info=\u00bb{}\u00bb][et_pb_column type=\u00bb2_3&#8243; _builder_version=\u00bb4.16&#8243; global_colors_info=\u00bb{}\u00bb][et_pb_text _builder_version=\u00bb4.27.4&#8243; text_font_size=\u00bb1.1rem\u00bb text_line_height=\u00bb1.8rem\u00bb header_2_text_color=\u00bb#814996&#8243; header_2_font_size=\u00bb42px\u00bb custom_padding=\u00bb40px||||false|false\u00bb custom_padding_tablet=\u00bb0px||||false|false\u00bb custom_padding_phone=\u00bb0px||||false|false\u00bb custom_padding_last_edited=\u00bbon|desktop\u00bb global_colors_info=\u00bb{}\u00bb]<\/p>\n<p><strong>Acc\u00e8ssit dels Premis de Divulgaci\u00f3 Cientifica ACCC 2024<\/strong> de la <em>Associaci\u00f3 Catalana de Comunicaci\u00f3 Cient\u00edfica (ACCC)<\/em>, por el protecto titulado <strong>Diximed per a pediatria.<\/strong><\/p>\n<p>[\/et_pb_text][\/et_pb_column][et_pb_column type=\u00bb1_3&#8243; _builder_version=\u00bb4.16&#8243; global_colors_info=\u00bb{}\u00bb][et_pb_image src=\u00bbhttps:\/\/www.diccionaridemedicina.app\/web\/wp-content\/uploads\/2024\/12\/Diximed-premi-Accesit-ACCC-2024.jpg\u00bb title_text=\u00bbDiximed Premi Acc\u00e8ssit ACCC 2024&#8243; show_in_lightbox=\u00bbon\u00bb _builder_version=\u00bb4.27.4&#8243; _module_preset=\u00bbdefault\u00bb max_width=\u00bb220px\u00bb module_alignment=\u00bbcenter\u00bb custom_margin=\u00bb0px||10px||false|false\u00bb global_colors_info=\u00bb{}\u00bb][\/et_pb_image][\/et_pb_column][\/et_pb_row][et_pb_row column_structure=\u00bb1_3,2_3&#8243; _builder_version=\u00bb4.19.0&#8243; width=\u00bb90%\u00bb custom_padding=\u00bb||||false|true\u00bb animation_style=\u00bbfade\u00bb animation_direction=\u00bbbottom\u00bb animation_duration=\u00bb450ms\u00bb border_width_bottom=\u00bb2px\u00bb border_color_bottom=\u00bbrgba(66,158,85,0.5)\u00bb border_style_bottom=\u00bbdotted\u00bb global_colors_info=\u00bb{}\u00bb][et_pb_column type=\u00bb1_3&#8243; _builder_version=\u00bb4.27.4&#8243; _module_preset=\u00bbdefault\u00bb global_colors_info=\u00bb{}\u00bb][et_pb_image src=\u00bbhttps:\/\/www.diccionaridemedicina.app\/web\/wp-content\/uploads\/2024\/12\/Diximed-premi-Medes-2023.jpg\u00bb title_text=\u00bbDiximed Premi Medes 2023&#8243; show_in_lightbox=\u00bbon\u00bb _builder_version=\u00bb4.27.4&#8243; _module_preset=\u00bbdefault\u00bb max_width=\u00bb220px\u00bb module_alignment=\u00bbcenter\u00bb custom_margin=\u00bb0px||10px||false|false\u00bb global_colors_info=\u00bb{}\u00bb][\/et_pb_image][\/et_pb_column][et_pb_column type=\u00bb2_3&#8243; _builder_version=\u00bb4.16&#8243; global_colors_info=\u00bb{}\u00bb][et_pb_text _builder_version=\u00bb4.27.4&#8243; text_font_size=\u00bb1.1rem\u00bb text_line_height=\u00bb1.8rem\u00bb header_2_text_color=\u00bb#814996&#8243; header_2_font_size=\u00bb42px\u00bb custom_padding=\u00bb40px||||false|false\u00bb custom_padding_tablet=\u00bb0px||||false|false\u00bb custom_padding_phone=\u00bb0px||||false|false\u00bb custom_padding_last_edited=\u00bbon|desktop\u00bb global_colors_info=\u00bb{}\u00bb]<\/p>\n<p><strong>PREMIOS MEDES 2023 de la Fundaci\u00f3n Lilly<\/strong>, <em>Mejor iniciativa en el fomento del uso del idioma espa\u00f1ol para la divulgaci\u00f3n del conocimiento biom\u00e9dico<\/em> por <strong>DIXIMED para pediatr\u00eda<\/strong>.<\/p>\n<p>[\/et_pb_text][\/et_pb_column][\/et_pb_row][et_pb_row column_structure=\u00bb2_3,1_3&#8243; _builder_version=\u00bb4.19.0&#8243; width=\u00bb90%\u00bb custom_padding=\u00bb||||false|true\u00bb animation_style=\u00bbfade\u00bb animation_direction=\u00bbbottom\u00bb animation_duration=\u00bb450ms\u00bb border_width_bottom=\u00bb2px\u00bb border_color_bottom=\u00bbrgba(66,158,85,0.5)\u00bb border_style_bottom=\u00bbdotted\u00bb global_colors_info=\u00bb{}\u00bb][et_pb_column type=\u00bb2_3&#8243; _builder_version=\u00bb4.16&#8243; global_colors_info=\u00bb{}\u00bb][et_pb_text _builder_version=\u00bb4.19.0&#8243; text_font_size=\u00bb1.1rem\u00bb text_line_height=\u00bb1.8rem\u00bb header_2_text_color=\u00bb#814996&#8243; header_2_font_size=\u00bb42px\u00bb custom_padding=\u00bb40px||||false|false\u00bb custom_padding_tablet=\u00bb0px||||false|false\u00bb custom_padding_phone=\u00bb0px||||false|false\u00bb custom_padding_last_edited=\u00bbon|desktop\u00bb global_colors_info=\u00bb{}\u00bb]<\/p>\n<p><strong>Premio a la mejor iniciativa<\/strong> en la <em>4\u00aa Jornada virtual de iniciativas: las mejores intervenciones de alfabetizaci\u00f3n en salud de la Escuela Andaluza de Salud P\u00fablica<\/em> por el proyecto \u00abPalabras en las salas de espera de pediatr\u00eda: t\u00e9rminos m\u00e9dicos para ni\u00f1os y ni\u00f1as\u00bb, abril de 2022.<\/p>\n<p>[\/et_pb_text][\/et_pb_column][et_pb_column type=\u00bb1_3&#8243; _builder_version=\u00bb4.16&#8243; global_colors_info=\u00bb{}\u00bb][et_pb_image src=\u00bbhttps:\/\/www.diccionaridemedicina.app\/web\/wp-content\/uploads\/dibuixos\/lexcovid\/microbi-N2-Aixetu-SAgulla.jpg\u00bb title_text=\u00bbAixetu &#8211; S&#039;Agulla\u00bb align=\u00bbcenter\u00bb _builder_version=\u00bb4.27.4&#8243; _module_preset=\u00bbdefault\u00bb max_width=\u00bb220px\u00bb module_alignment=\u00bbcenter\u00bb custom_margin=\u00bb0px||10px||false|false\u00bb global_colors_info=\u00bb{}\u00bb][\/et_pb_image][\/et_pb_column][\/et_pb_row][et_pb_row column_structure=\u00bb2_3,1_3&#8243; _builder_version=\u00bb4.19.0&#8243; width=\u00bb90%\u00bb custom_padding=\u00bb||||false|true\u00bb animation_style=\u00bbfade\u00bb animation_duration=\u00bb450ms\u00bb border_width_bottom=\u00bb2px\u00bb border_color_bottom=\u00bbrgba(66,158,85,0.5)\u00bb border_style_bottom=\u00bbdotted\u00bb global_colors_info=\u00bb{}\u00bb][et_pb_column type=\u00bb2_3&#8243; _builder_version=\u00bb4.16&#8243; global_colors_info=\u00bb{}\u00bb][et_pb_text _builder_version=\u00bb4.19.0&#8243; text_font_size=\u00bb1.1rem\u00bb text_line_height=\u00bb1.8rem\u00bb header_2_text_color=\u00bb#814996&#8243; header_2_font_size=\u00bb42px\u00bb custom_padding=\u00bb40px||||false|false\u00bb custom_padding_tablet=\u00bb0px||||false|false\u00bb custom_padding_phone=\u00bb0px||||false|false\u00bb custom_padding_last_edited=\u00bbon|desktop\u00bb global_colors_info=\u00bb{}\u00bb]<\/p>\n<p><strong>Finalista<\/strong> en <em>Mejor iniciativa en el fomento del uso del idioma espa\u00f1ol para la divulgaci\u00f3n del conocimiento biom\u00e9dico<\/em> de los premios MEDES 2022 de la Fundaci\u00f3n Lilly, con el proyecto \u201cPalabras en las salas de espera de pediatr\u00eda\u201d, julio de 2022.<\/p>\n<p>[\/et_pb_text][\/et_pb_column][et_pb_column type=\u00bb1_3&#8243; _builder_version=\u00bb4.16&#8243; global_colors_info=\u00bb{}\u00bb][et_pb_image src=\u00bbhttps:\/\/www.diccionaridemedicina.app\/web\/wp-content\/uploads\/dibuixos\/penicillina-Joan-Annexa.jpg\u00bb title_text=\u00bbJoan &#8211; Annexa\u00bb align=\u00bbcenter\u00bb _builder_version=\u00bb4.27.4&#8243; _module_preset=\u00bbdefault\u00bb max_width=\u00bb220px\u00bb module_alignment=\u00bbcenter\u00bb custom_margin=\u00bb0px||10px||false|false\u00bb global_colors_info=\u00bb{}\u00bb][\/et_pb_image][\/et_pb_column][\/et_pb_row][et_pb_row column_structure=\u00bb1_3,2_3&#8243; _builder_version=\u00bb4.27.4&#8243; width=\u00bb90%\u00bb custom_padding=\u00bb||||false|true\u00bb animation_style=\u00bbfade\u00bb animation_duration=\u00bb450ms\u00bb border_width_bottom=\u00bb2px\u00bb border_color_bottom=\u00bbrgba(66,158,85,0.5)\u00bb border_style_bottom=\u00bbdotted\u00bb global_colors_info=\u00bb{}\u00bb][et_pb_column type=\u00bb1_3&#8243; _builder_version=\u00bb4.27.4&#8243; _module_preset=\u00bbdefault\u00bb global_colors_info=\u00bb{}\u00bb][et_pb_image src=\u00bbhttps:\/\/www.diccionaridemedicina.app\/web\/wp-content\/uploads\/dibuixos\/discapacitat-Clara-OriolMartorell.jpg\u00bb title_text=\u00bbClara &#8211; Oriol Martorell\u00bb align=\u00bbcenter\u00bb _builder_version=\u00bb4.27.4&#8243; _module_preset=\u00bbdefault\u00bb max_width=\u00bb220px\u00bb module_alignment=\u00bbcenter\u00bb custom_margin=\u00bb0px||10px||false|false\u00bb global_colors_info=\u00bb{}\u00bb][\/et_pb_image][\/et_pb_column][et_pb_column type=\u00bb2_3&#8243; _builder_version=\u00bb4.16&#8243; global_colors_info=\u00bb{}\u00bb][et_pb_text _builder_version=\u00bb4.24.3&#8243; text_font_size=\u00bb1.1rem\u00bb text_line_height=\u00bb1.8rem\u00bb header_2_text_color=\u00bb#814996&#8243; header_2_font_size=\u00bb42px\u00bb custom_padding=\u00bb40px||||false|false\u00bb custom_padding_tablet=\u00bb0px||||false|false\u00bb custom_padding_phone=\u00bb0px||||false|false\u00bb custom_padding_last_edited=\u00bbon|desktop\u00bb global_colors_info=\u00bb{}\u00bb]<\/p>\n<p><strong>Finalista<\/strong> en <em>Mejor iniciativa en el fomento del uso del idioma espa\u00f1ol para la divulgaci\u00f3n del conocimiento biom\u00e9dico<\/em> de los premios MEDES 2019 de la Fundaci\u00f3n Lilly, con el proyecto \u201cJugando a definir la ciencia: diccionarios, juegos, apps y v\u00eddeos\u201d, diciembre de 2019.<\/p>\n<p>[\/et_pb_text][\/et_pb_column][\/et_pb_row][et_pb_row column_structure=\u00bb2_3,1_3&#8243; _builder_version=\u00bb4.19.0&#8243; width=\u00bb90%\u00bb custom_padding=\u00bb||||false|true\u00bb animation_style=\u00bbfade\u00bb animation_duration=\u00bb450ms\u00bb border_width_bottom=\u00bb2px\u00bb border_color_bottom=\u00bbrgba(66,158,85,0.5)\u00bb border_style_bottom=\u00bbdotted\u00bb global_colors_info=\u00bb{}\u00bb][et_pb_column type=\u00bb2_3&#8243; _builder_version=\u00bb4.16&#8243; global_colors_info=\u00bb{}\u00bb][et_pb_text _builder_version=\u00bb4.19.0&#8243; text_font_size=\u00bb1.1rem\u00bb text_line_height=\u00bb1.8rem\u00bb header_2_text_color=\u00bb#814996&#8243; header_2_font_size=\u00bb42px\u00bb custom_padding=\u00bb40px||||false|false\u00bb custom_padding_tablet=\u00bb0px||||false|false\u00bb custom_padding_phone=\u00bb0px||||false|false\u00bb custom_padding_last_edited=\u00bbon|desktop\u00bb global_colors_info=\u00bb{}\u00bb]<\/p>\n<p><strong>Ganador<\/strong> de la edici\u00f3n de 2019 del <em>Concurso de Proyectos de Responsabilidad Social Universitaria del Consejo Social de la Universidad Pompeu Fabra<\/em> con el proyecto \u00abPalabras en las salas de espera de pediatr\u00eda\u00bb. Autores: Rosa Estop\u00e0, Jorge Porras y Laia Vidal (Departamento de Traducci\u00f3n y Ciencias del Lenguaje de la UPF) y M. \u00c0ngels L\u00f3pez (jefe de Pediatr\u00eda del Hospital del Mar). <\/p>\n<p>[\/et_pb_text][\/et_pb_column][et_pb_column type=\u00bb1_3&#8243; _builder_version=\u00bb4.16&#8243; global_colors_info=\u00bb{}\u00bb][et_pb_image src=\u00bbhttps:\/\/www.diccionaridemedicina.app\/web\/wp-content\/uploads\/dibuixos\/lexcovid\/pandemia-N2-Denisa-AlonsoErcilla.jpg\u00bb title_text=\u00bbDenisa &#8211; Alonso Ercilla\u00bb align=\u00bbcenter\u00bb _builder_version=\u00bb4.27.4&#8243; _module_preset=\u00bbdefault\u00bb max_width=\u00bb220px\u00bb module_alignment=\u00bbcenter\u00bb custom_margin=\u00bb0px||10px||false|false\u00bb global_colors_info=\u00bb{}\u00bb][\/et_pb_image][\/et_pb_column][\/et_pb_row][et_pb_row _builder_version=\u00bb4.27.4&#8243; width=\u00bb90%\u00bb custom_padding=\u00bb||||false|true\u00bb animation_style=\u00bbfade\u00bb animation_duration=\u00bb450ms\u00bb border_width_bottom=\u00bb2px\u00bb border_color_bottom=\u00bbrgba(66,158,85,0.5)\u00bb border_style_bottom=\u00bbdotted\u00bb global_colors_info=\u00bb{}\u00bb][et_pb_column type=\u00bb4_4&#8243; _builder_version=\u00bb4.16&#8243; global_colors_info=\u00bb{}\u00bb][et_pb_image src=\u00bbhttps:\/\/www.diccionaridemedicina.app\/web\/wp-content\/uploads\/2025\/05\/Logo-Dixi-ES-1.png\u00bb title_text=\u00bbDiximed para pediatr\u00eda\u00bb _builder_version=\u00bb4.27.4&#8243; _module_preset=\u00bbdefault\u00bb max_width=\u00bb600px\u00bb module_alignment=\u00bbcenter\u00bb custom_margin=\u00bb2rem||2rem||true|false\u00bb hover_enabled=\u00bb0&#8243; global_colors_info=\u00bb{}\u00bb animation_style=\u00bbzoom\u00bb animation_intensity_zoom=\u00bb16%\u00bb animation_duration=\u00bb600ms\u00bb sticky_enabled=\u00bb0&#8243;][\/et_pb_image][\/et_pb_column][\/et_pb_row][\/et_pb_section][et_pb_section fb_built=\u00bb1&#8243; _builder_version=\u00bb4.19.0&#8243; _module_preset=\u00bbdefault\u00bb custom_padding=\u00bb0px|||||\u00bb global_colors_info=\u00bb{}\u00bb][et_pb_row use_custom_gutter=\u00bbon\u00bb gutter_width=\u00bb2&#8243; make_equal=\u00bbon\u00bb module_class=\u00bbrow-fila-logos-flex\u00bb _builder_version=\u00bb4.27.4&#8243; module_alignment=\u00bbcenter\u00bb custom_margin=\u00bb0px||45px||false|false\u00bb custom_padding=\u00bb20px||20px||true|false\u00bb border_color_bottom=\u00bbrgba(66,158,85,0.5)\u00bb border_style_bottom=\u00bbdotted\u00bb global_colors_info=\u00bb{}\u00bb][et_pb_column type=\u00bb4_4&#8243; _builder_version=\u00bb4.27.4&#8243; global_colors_info=\u00bb{}\u00bb][et_pb_image src=\u00bbhttps:\/\/www.diccionaridemedicina.app\/web\/wp-content\/uploads\/2024\/12\/logo-collaboradors-UFP-Iulaterm.png\u00bb title_text=\u00bbUniversitat Pompeu Fabra Iulaterm\u00bb _builder_version=\u00bb4.27.4&#8243; global_colors_info=\u00bb{}\u00bb][\/et_pb_image][et_pb_image src=\u00bbhttps:\/\/www.diccionaridemedicina.app\/web\/wp-content\/uploads\/2024\/12\/logo-collaboradors-COMG.png\u00bb title_text=\u00bbCOMG\u00bb _builder_version=\u00bb4.27.4&#8243; global_colors_info=\u00bb{}\u00bb][\/et_pb_image][et_pb_image src=\u00bbhttps:\/\/www.diccionaridemedicina.app\/web\/wp-content\/uploads\/2024\/12\/logo-collaboradors-Publicacions-Abadia-Montserrat.png\u00bb title_text=\u00bbPublicacions de l&#039;Abadia de Montserrat\u00bb _builder_version=\u00bb4.27.4&#8243; global_colors_info=\u00bb{}\u00bb][\/et_pb_image][et_pb_image src=\u00bbhttps:\/\/www.diccionaridemedicina.app\/web\/wp-content\/uploads\/2024\/12\/logo-collaboradors-Hospital-del-Mar.png\u00bb title_text=\u00bbHospital del Mar Barcelona\u00bb _builder_version=\u00bb4.27.4&#8243; global_colors_info=\u00bb{}\u00bb][\/et_pb_image][et_pb_image src=\u00bbhttps:\/\/www.diccionaridemedicina.app\/web\/wp-content\/uploads\/2024\/12\/logo-collaboradors-Escola-Annexa.png\u00bb title_text=\u00bbEscola Annexa\u00bb _builder_version=\u00bb4.27.4&#8243; custom_css_free_form=\u00bbselector { max-width:90px !important; }\u00bb global_colors_info=\u00bb{}\u00bb][\/et_pb_image][\/et_pb_column][\/et_pb_row][\/et_pb_section][et_pb_section fb_built=\u00bb1&#8243; prev_background_color=\u00bb#ffffff\u00bb _builder_version=\u00bb4.16&#8243; background_enable_color=\u00bboff\u00bb use_background_color_gradient=\u00bbon\u00bb background_color_gradient_stops=\u00bb#52a1c2 0%|#89bf4e 100%\u00bb background_color_gradient_start=\u00bb#52a1c2&#8243; background_color_gradient_end=\u00bb#89bf4e\u00bb top_divider_style=\u00bbclouds2&#8243; background_color_gradient_stops_tablet=\u00bb#52a1c2 0%|#89bf4e 100%\u00bb background_color_gradient_stops_phone=\u00bb#52a1c2 0%|#89bf4e 100%\u00bb border_width_bottom=\u00bb2px\u00bb border_color_bottom=\u00bb#ffffff\u00bb global_module=\u00bb4511&#8243; saved_tabs=\u00bball\u00bb global_colors_info=\u00bb{}\u00bb][et_pb_row _builder_version=\u00bb4.27.4&#8243; border_color_bottom=\u00bbrgba(66,158,85,0.5)\u00bb border_style_bottom=\u00bbdotted\u00bb global_colors_info=\u00bb{}\u00bb][et_pb_column type=\u00bb4_4&#8243; _builder_version=\u00bb4.16&#8243; global_colors_info=\u00bb{}\u00bb][et_pb_divider show_divider=\u00bboff\u00bb _builder_version=\u00bb4.16&#8243; global_colors_info=\u00bb{}\u00bb][\/et_pb_divider][\/et_pb_column][\/et_pb_row][\/et_pb_section][et_pb_section fb_built=\u00bb1&#8243; admin_label=\u00bbSecci\u00f3 Cards Links\u00bb module_class=\u00bbrow-cards-seccions\u00bb _builder_version=\u00bb4.19.0&#8243; background_color=\u00bb#3d398e\u00bb custom_margin=\u00bb0px|0px|0px|0px|true|true\u00bb custom_padding=\u00bb0px|0px|0px|0px|true|true\u00bb global_module=\u00bb2071&#8243; global_colors_info=\u00bb{}\u00bb][et_pb_row column_structure=\u00bb1_4,1_4,1_4,1_4&#8243; _builder_version=\u00bb4.27.4&#8243; _module_preset=\u00bbffc3ae23-75df-4d7c-bbad-b9ba16f8cb1b\u00bb global_colors_info=\u00bb{}\u00bb][et_pb_column type=\u00bb1_4&#8243; _builder_version=\u00bb4.19.0&#8243; background_color=\u00bbgcid-624f086e-d20b-4caa-9ce3-022dd6566686&#8243; global_colors_info=\u00bb{%22gcid-624f086e-d20b-4caa-9ce3-022dd6566686%22:%91%22background_color%22%93}\u00bb][et_pb_cta title=\u00bbdiccionario\u00bb button_url=\u00bb@ET-DC@eyJkeW5hbWljIjp0cnVlLCJjb250ZW50IjoicG9zdF9saW5rX3VybF9wYWdlIiwic2V0dGluZ3MiOnsicG9zdF9pZCI6IjgyIn19@\u00bb button_text=\u00bbver diccionario\u00bb _builder_version=\u00bb4.27.4&#8243; _dynamic_attributes=\u00bbbutton_url,link_option_url\u00bb _module_preset=\u00bb4d86b8bb-32a7-44ec-99eb-77de90da6af3&#8243; link_option_url=\u00bb@ET-DC@eyJkeW5hbWljIjp0cnVlLCJjb250ZW50IjoicG9zdF9saW5rX3VybF9wYWdlIiwic2V0dGluZ3MiOnsicG9zdF9pZCI6IjgyIn19@\u00bb global_colors_info=\u00bb{}\u00bb]<\/p>\n<p>Corpus lexicogr\u00e1fico del diccionario, ordenado alfab\u00e9ticamente.<\/p>\n<p>[\/et_pb_cta][\/et_pb_column][et_pb_column type=\u00bb1_4&#8243; _builder_version=\u00bb4.19.0&#8243; background_color=\u00bbgcid-32db61ed-e48a-45de-8f3f-161bcc35538f\u00bb global_colors_info=\u00bb{%22gcid-32db61ed-e48a-45de-8f3f-161bcc35538f%22:%91%22background_color%22%93}\u00bb][et_pb_cta title=\u00bbatlas\u00bb button_url=\u00bb@ET-DC@eyJkeW5hbWljIjp0cnVlLCJjb250ZW50IjoicG9zdF9saW5rX3VybF9wYWdlIiwic2V0dGluZ3MiOnsicG9zdF9pZCI6Ijc5NCJ9fQ==@\u00bb button_text=\u00bbver atlas\u00bb _builder_version=\u00bb4.27.4&#8243; _dynamic_attributes=\u00bbbutton_url,link_option_url\u00bb _module_preset=\u00bb4d86b8bb-32a7-44ec-99eb-77de90da6af3&#8243; background_color=\u00bbgcid-32db61ed-e48a-45de-8f3f-161bcc35538f\u00bb background_image=\u00bbhttps:\/\/www.diccionaridemedicina.app\/web\/wp-content\/uploads\/2024\/12\/general-atles-perfil-1-1.png\u00bb background_size=\u00bbcontain\u00bb background_position=\u00bbcenter_left\u00bb background_blend=\u00bbmultiply\u00bb transform_translate_linked__hover=\u00bboff\u00bb z_index=\u00bb0&#8243; link_option_url=\u00bb@ET-DC@eyJkeW5hbWljIjp0cnVlLCJjb250ZW50IjoicG9zdF9saW5rX3VybF9wYWdlIiwic2V0dGluZ3MiOnsicG9zdF9pZCI6Ijc5NCJ9fQ==@\u00bb z_index_last_edited=\u00bboff|desktop\u00bb global_colors_info=\u00bb{%22gcid-624f086e-d20b-4caa-9ce3-022dd6566686%22:%91%22background_color%22%93,%22gcid-32db61ed-e48a-45de-8f3f-161bcc35538f%22:%91%22background_color%22%93}\u00bb transform_styles__hover_enabled=\u00bbon|desktop\u00bb transform_translate__hover_enabled=\u00bbon|desktop\u00bb transform_rotate__hover_enabled=\u00bbon|desktop\u00bb transform_skew__hover_enabled=\u00bbon|desktop\u00bb transform_translate__hover=\u00bb\u00bb transform_origin__hover=\u00bb50%|100%\u00bb]<\/p>\n<p>L\u00e1minas ilustradas sobre el cuerpo humano y otros contenidos relacionados con la salud y la medicina.<\/p>\n<p>[\/et_pb_cta][\/et_pb_column][et_pb_column type=\u00bb1_4&#8243; _builder_version=\u00bb4.19.0&#8243; background_color=\u00bbgcid-946454a8-72a2-44a7-ac42-03f1dedcb092&#8243; global_colors_info=\u00bb{%22gcid-946454a8-72a2-44a7-ac42-03f1dedcb092%22:%91%22background_color%22%93}\u00bb][et_pb_cta title=\u00bbactividades\u00bb button_url=\u00bb@ET-DC@eyJkeW5hbWljIjp0cnVlLCJjb250ZW50IjoicG9zdF9saW5rX3VybF9wYWdlIiwic2V0dGluZ3MiOnsicG9zdF9pZCI6IjEyMjAifX0=@\u00bb button_text=\u00bbver actividades\u00bb _builder_version=\u00bb4.27.4&#8243; _dynamic_attributes=\u00bbbutton_url,link_option_url\u00bb _module_preset=\u00bb4d86b8bb-32a7-44ec-99eb-77de90da6af3&#8243; background_color=\u00bbgcid-946454a8-72a2-44a7-ac42-03f1dedcb092&#8243; background_image=\u00bbhttps:\/\/www.diccionaridemedicina.app\/web\/wp-content\/uploads\/2024\/12\/icona-activitats.png\u00bb background_size=\u00bbcontain\u00bb background_position=\u00bbcenter_right\u00bb transform_translate_linked__hover=\u00bboff\u00bb link_option_url=\u00bb@ET-DC@eyJkeW5hbWljIjp0cnVlLCJjb250ZW50IjoicG9zdF9saW5rX3VybF9wYWdlIiwic2V0dGluZ3MiOnsicG9zdF9pZCI6IjEyMjAifX0=@\u00bb global_colors_info=\u00bb{%22gcid-624f086e-d20b-4caa-9ce3-022dd6566686%22:%91%22background_color%22%93,%22gcid-946454a8-72a2-44a7-ac42-03f1dedcb092%22:%91%22background_color%22%93}\u00bb transform_styles__hover_enabled=\u00bbon|desktop\u00bb transform_origin__hover_enabled=\u00bbon|desktop\u00bb transform_translate__hover=\u00bb\u00bb transform_translate__hover_enabled=\u00bbon|desktop\u00bb transform_origin__hover=\u00bb50%|100%\u00bb]<\/p>\n<p>Juegos interactivos para acercarse de forma divertida al contenido del diccionario.<\/p>\n<p>[\/et_pb_cta][\/et_pb_column][et_pb_column type=\u00bb1_4&#8243; _builder_version=\u00bb4.19.0&#8243; background_color=\u00bbgcid-f9b9f18f-d1ff-470f-bcd0-8275101ac74e\u00bb global_colors_info=\u00bb{%22gcid-f9b9f18f-d1ff-470f-bcd0-8275101ac74e%22:%91%22background_color%22%93}\u00bb][et_pb_cta title=\u00bbcovid-19&#8243; button_url=\u00bb@ET-DC@eyJkeW5hbWljIjp0cnVlLCJjb250ZW50IjoicG9zdF9saW5rX3VybF9wYWdlIiwic2V0dGluZ3MiOnsicG9zdF9pZCI6IjU1NTYifX0=@\u00bb button_text=\u00bbver lexcovid\u00bb _builder_version=\u00bb4.27.4&#8243; _dynamic_attributes=\u00bbbutton_url,link_option_url\u00bb _module_preset=\u00bb4d86b8bb-32a7-44ec-99eb-77de90da6af3&#8243; background_color=\u00bbgcid-f9b9f18f-d1ff-470f-bcd0-8275101ac74e\u00bb background_image=\u00bbhttps:\/\/www.diccionaridemedicina.app\/web\/wp-content\/uploads\/2024\/12\/icona-lexcovid.png\u00bb background_size=\u00bbcustom\u00bb background_image_width=\u00bb150px\u00bb background_position=\u00bbtop_right\u00bb background_vertical_offset=\u00bb10%\u00bb transform_translate_linked__hover=\u00bboff\u00bb link_option_url=\u00bb@ET-DC@eyJkeW5hbWljIjp0cnVlLCJjb250ZW50IjoicG9zdF9saW5rX3VybF9wYWdlIiwic2V0dGluZ3MiOnsicG9zdF9pZCI6IjU1NTYifX0=@\u00bb global_colors_info=\u00bb{%22gcid-624f086e-d20b-4caa-9ce3-022dd6566686%22:%91%22background_color%22%93,%22gcid-f9b9f18f-d1ff-470f-bcd0-8275101ac74e%22:%91%22background_color%22%93}\u00bb transform_styles__hover_enabled=\u00bbon|desktop\u00bb transform_origin__hover_enabled=\u00bbon|desktop\u00bb transform_translate__hover=\u00bb\u00bb transform_translate__hover_enabled=\u00bbon|desktop\u00bb transform_origin__hover=\u00bb50%|100%\u00bb]<\/p>\n<p>La covid-19 es una enfermedad infecciosa, muy contagiosa, causada por un virus, concretamente por un coronavirus llamado SARS-COV-2.<\/p>\n<p>[\/et_pb_cta][\/et_pb_column][\/et_pb_row][\/et_pb_section]<\/p>\n","protected":false},"excerpt":{"rendered":"<p>Diximed para pediatr\u00eda. Rosa Estop\u00e1 (dir). Diccionario, atlas, lexcovid y actividades.  <\/p>\n","protected":false},"author":1,"featured_media":17020,"parent":0,"menu_order":9,"comment_status":"closed","ping_status":"closed","template":"","meta":{"_et_pb_use_builder":"on","_et_pb_old_content":"","_et_gb_content_width":"","iawp_total_views":15,"footnotes":""},"class_list":["post-19844","page","type-page","status-publish","has-post-thumbnail","hentry"],"_links":{"self":[{"href":"https:\/\/www.diccionaridemedicina.app\/web\/es\/wp-json\/wp\/v2\/pages\/19844","targetHints":{"allow":["GET"]}}],"collection":[{"href":"https:\/\/www.diccionaridemedicina.app\/web\/es\/wp-json\/wp\/v2\/pages"}],"about":[{"href":"https:\/\/www.diccionaridemedicina.app\/web\/es\/wp-json\/wp\/v2\/types\/page"}],"author":[{"embeddable":true,"href":"https:\/\/www.diccionaridemedicina.app\/web\/es\/wp-json\/wp\/v2\/users\/1"}],"replies":[{"embeddable":true,"href":"https:\/\/www.diccionaridemedicina.app\/web\/es\/wp-json\/wp\/v2\/comments?post=19844"}],"version-history":[{"count":3,"href":"https:\/\/www.diccionaridemedicina.app\/web\/es\/wp-json\/wp\/v2\/pages\/19844\/revisions"}],"predecessor-version":[{"id":23226,"href":"https:\/\/www.diccionaridemedicina.app\/web\/es\/wp-json\/wp\/v2\/pages\/19844\/revisions\/23226"}],"wp:featuredmedia":[{"embeddable":true,"href":"https:\/\/www.diccionaridemedicina.app\/web\/es\/wp-json\/wp\/v2\/media\/17020"}],"wp:attachment":[{"href":"https:\/\/www.diccionaridemedicina.app\/web\/es\/wp-json\/wp\/v2\/media?parent=19844"}],"curies":[{"name":"wp","href":"https:\/\/api.w.org\/{rel}","templated":true}]}}