{"id":22233,"date":"2025-08-24T12:31:00","date_gmt":"2025-08-24T10:31:00","guid":{"rendered":"https:\/\/www.diccionaridemedicina.app\/web\/sariak\/"},"modified":"2026-03-21T08:47:52","modified_gmt":"2026-03-21T06:47:52","slug":"sariak","status":"publish","type":"page","link":"https:\/\/www.diccionaridemedicina.app\/web\/eu\/sariak\/","title":{"rendered":"Sariak"},"content":{"rendered":"<p>[et_pb_section fb_built=&#8221;1&#8243; _builder_version=&#8221;4.16&#8243; custom_padding=&#8221;||0px|||&#8221; global_colors_info=&#8221;{}&#8221;][et_pb_row _builder_version=&#8221;4.16&#8243; width=&#8221;90%&#8221; custom_padding=&#8221;||||false|true&#8221; animation_style=&#8221;fade&#8221; animation_duration=&#8221;450ms&#8221; border_width_bottom=&#8221;2px&#8221; border_color_bottom=&#8221;rgba(66,158,85,0.5)&#8221; border_style_bottom=&#8221;dotted&#8221; global_colors_info=&#8221;{}&#8221;][et_pb_column type=&#8221;4_4&#8243; _builder_version=&#8221;4.16&#8243; global_colors_info=&#8221;{}&#8221;][et_pb_text _builder_version=&#8221;4.27.4&#8243; _module_preset=&#8221;73a329d3-39ee-4081-84b8-8d263b8f598c&#8221; header_text_color=&#8221;#89BF4E&#8221; global_colors_info=&#8221;{}&#8221;]<\/p>\n<h1>sariak<\/h1>\n<p>[\/et_pb_text][\/et_pb_column][\/et_pb_row][et_pb_row column_structure=&#8221;2_3,1_3&#8243; _builder_version=&#8221;4.27.4&#8243; width=&#8221;90%&#8221; custom_padding=&#8221;||||false|true&#8221; animation_style=&#8221;fade&#8221; animation_direction=&#8221;bottom&#8221; animation_duration=&#8221;450ms&#8221; border_width_bottom=&#8221;2px&#8221; border_color_bottom=&#8221;rgba(66,158,85,0.5)&#8221; border_style_bottom=&#8221;dotted&#8221; global_colors_info=&#8221;{}&#8221;][et_pb_column type=&#8221;2_3&#8243; _builder_version=&#8221;4.16&#8243; global_colors_info=&#8221;{}&#8221;][et_pb_text _builder_version=&#8221;4.27.4&#8243; text_font_size=&#8221;1.1rem&#8221; text_line_height=&#8221;1.8rem&#8221; header_2_text_color=&#8221;#814996&#8243; header_2_font_size=&#8221;42px&#8221; custom_padding=&#8221;40px||||false|false&#8221; custom_padding_tablet=&#8221;0px||||false|false&#8221; custom_padding_phone=&#8221;0px||||false|false&#8221; custom_padding_last_edited=&#8221;on|desktop&#8221; global_colors_info=&#8221;{}&#8221;]<\/p>\n<p><em>Associaci\u00f3 Catalana de Comunicaci\u00f3 Cient\u00edfica (ACCC)<\/em> elkartearen <strong>Acc\u00e9sit dels Premis de Divulgaci\u00f3 Cientifica ACCC 2024<\/strong> accesita, <strong>Diximed per a pediatria<\/strong> proiektuarengatik.<\/p>\n<p>[\/et_pb_text][\/et_pb_column][et_pb_column type=&#8221;1_3&#8243; _builder_version=&#8221;4.16&#8243; global_colors_info=&#8221;{}&#8221;][et_pb_image src=&#8221;https:\/\/www.diccionaridemedicina.app\/web\/wp-content\/uploads\/2024\/12\/Diximed-premi-Accesit-ACCC-2024.jpg&#8221; title_text=&#8221;Diximed Premi Acc\u00e8ssit ACCC 2024&#8243; show_in_lightbox=&#8221;on&#8221; _builder_version=&#8221;4.27.4&#8243; _module_preset=&#8221;default&#8221; max_width=&#8221;220px&#8221; module_alignment=&#8221;center&#8221; custom_margin=&#8221;0px||10px||false|false&#8221; global_colors_info=&#8221;{}&#8221;][\/et_pb_image][\/et_pb_column][\/et_pb_row][et_pb_row column_structure=&#8221;1_3,2_3&#8243; _builder_version=&#8221;4.19.0&#8243; width=&#8221;90%&#8221; custom_padding=&#8221;||||false|true&#8221; animation_style=&#8221;fade&#8221; animation_direction=&#8221;bottom&#8221; animation_duration=&#8221;450ms&#8221; border_width_bottom=&#8221;2px&#8221; border_color_bottom=&#8221;rgba(66,158,85,0.5)&#8221; border_style_bottom=&#8221;dotted&#8221; global_colors_info=&#8221;{}&#8221;][et_pb_column type=&#8221;1_3&#8243; _builder_version=&#8221;4.27.4&#8243; _module_preset=&#8221;default&#8221; global_colors_info=&#8221;{}&#8221;][et_pb_image src=&#8221;https:\/\/www.diccionaridemedicina.app\/web\/wp-content\/uploads\/2024\/12\/Diximed-premi-Medes-2023.jpg&#8221; title_text=&#8221;Diximed Premi Medes 2023&#8243; show_in_lightbox=&#8221;on&#8221; _builder_version=&#8221;4.27.4&#8243; _module_preset=&#8221;default&#8221; max_width=&#8221;220px&#8221; module_alignment=&#8221;center&#8221; custom_margin=&#8221;0px||10px||false|false&#8221; global_colors_info=&#8221;{}&#8221;][\/et_pb_image][\/et_pb_column][et_pb_column type=&#8221;2_3&#8243; _builder_version=&#8221;4.16&#8243; global_colors_info=&#8221;{}&#8221;][et_pb_text _builder_version=&#8221;4.27.4&#8243; text_font_size=&#8221;1.1rem&#8221; text_line_height=&#8221;1.8rem&#8221; header_2_text_color=&#8221;#814996&#8243; header_2_font_size=&#8221;42px&#8221; custom_padding=&#8221;40px||||false|false&#8221; custom_padding_tablet=&#8221;0px||||false|false&#8221; custom_padding_phone=&#8221;0px||||false|false&#8221; custom_padding_last_edited=&#8221;on|desktop&#8221; global_colors_info=&#8221;{}&#8221;]<\/p>\n<p><strong>Lilly fundazioaren MEDES 2023 SARIAK.<\/strong> Ekimen onenaren saria gaztelania ezagutza biomedikoaren hedapenerako erabiltzea sustatzeagatik, <em>DIXIMED para pediatr\u00eda<\/em><strong> <\/strong>lanarekin.<\/p>\n<p>[\/et_pb_text][\/et_pb_column][\/et_pb_row][et_pb_row column_structure=&#8221;2_3,1_3&#8243; _builder_version=&#8221;4.19.0&#8243; width=&#8221;90%&#8221; custom_padding=&#8221;||||false|true&#8221; animation_style=&#8221;fade&#8221; animation_direction=&#8221;bottom&#8221; animation_duration=&#8221;450ms&#8221; border_width_bottom=&#8221;2px&#8221; border_color_bottom=&#8221;rgba(66,158,85,0.5)&#8221; border_style_bottom=&#8221;dotted&#8221; global_colors_info=&#8221;{}&#8221;][et_pb_column type=&#8221;2_3&#8243; _builder_version=&#8221;4.16&#8243; global_colors_info=&#8221;{}&#8221;][et_pb_text _builder_version=&#8221;4.19.0&#8243; text_font_size=&#8221;1.1rem&#8221; text_line_height=&#8221;1.8rem&#8221; header_2_text_color=&#8221;#814996&#8243; header_2_font_size=&#8221;42px&#8221; custom_padding=&#8221;40px||||false|false&#8221; custom_padding_tablet=&#8221;0px||||false|false&#8221; custom_padding_phone=&#8221;0px||||false|false&#8221; custom_padding_last_edited=&#8221;on|desktop&#8221; global_colors_info=&#8221;{}&#8221;]<\/p>\n<p><strong>Ekimen onenaren saria<\/strong> <em>4\u00aa Jornada virtual de iniciativas: las mejores intervenciones de alfabetizaci\u00f3n en salud de la Escuela Andaluza de Salud P\u00fablica<\/em> jardunaldian, \u00abPalabras en las salas de espera de pediatr\u00eda: t\u00e9rminos m\u00e9dicos para ni\u00f1os y ni\u00f1as\u00bb proiektuarekin, 2022ko apirilean.<\/p>\n<p>[\/et_pb_text][\/et_pb_column][et_pb_column type=&#8221;1_3&#8243; _builder_version=&#8221;4.16&#8243; global_colors_info=&#8221;{}&#8221;][et_pb_image src=&#8221;https:\/\/www.diccionaridemedicina.app\/web\/wp-content\/uploads\/dibuixos\/lexcovid\/microbi-N2-Aixetu-SAgulla.jpg&#8221; title_text=&#8221;Aixetu &#8211; S&#039;Agulla&#8221; align=&#8221;center&#8221; _builder_version=&#8221;4.27.4&#8243; _module_preset=&#8221;default&#8221; max_width=&#8221;220px&#8221; module_alignment=&#8221;center&#8221; custom_margin=&#8221;0px||10px||false|false&#8221; global_colors_info=&#8221;{}&#8221;][\/et_pb_image][\/et_pb_column][\/et_pb_row][et_pb_row column_structure=&#8221;2_3,1_3&#8243; _builder_version=&#8221;4.19.0&#8243; width=&#8221;90%&#8221; custom_padding=&#8221;||||false|true&#8221; animation_style=&#8221;fade&#8221; animation_duration=&#8221;450ms&#8221; border_width_bottom=&#8221;2px&#8221; border_color_bottom=&#8221;rgba(66,158,85,0.5)&#8221; border_style_bottom=&#8221;dotted&#8221; global_colors_info=&#8221;{}&#8221;][et_pb_column type=&#8221;2_3&#8243; _builder_version=&#8221;4.16&#8243; global_colors_info=&#8221;{}&#8221;][et_pb_text _builder_version=&#8221;4.19.0&#8243; text_font_size=&#8221;1.1rem&#8221; text_line_height=&#8221;1.8rem&#8221; header_2_text_color=&#8221;#814996&#8243; header_2_font_size=&#8221;42px&#8221; custom_padding=&#8221;40px||||false|false&#8221; custom_padding_tablet=&#8221;0px||||false|false&#8221; custom_padding_phone=&#8221;0px||||false|false&#8221; custom_padding_last_edited=&#8221;on|desktop&#8221; global_colors_info=&#8221;{}&#8221;]<\/p>\n<p><strong>Finalista<\/strong> Lilly fundazioaren MEDES 2022 sarietan gaztelania ezagutza biomedikoaren hedapenerako erabiltzea sustatzeko ekimen onenen arloan, <em>\u201cPalabras en las salas de espera de pediatr\u00eda\u201d<\/em> proiektuarekin, 2022ko uztailean.<\/p>\n<p>[\/et_pb_text][\/et_pb_column][et_pb_column type=&#8221;1_3&#8243; _builder_version=&#8221;4.16&#8243; global_colors_info=&#8221;{}&#8221;][et_pb_image src=&#8221;https:\/\/www.diccionaridemedicina.app\/web\/wp-content\/uploads\/dibuixos\/penicillina-Joan-Annexa.jpg&#8221; title_text=&#8221;Joan &#8211; Annexa&#8221; align=&#8221;center&#8221; _builder_version=&#8221;4.27.4&#8243; _module_preset=&#8221;default&#8221; max_width=&#8221;220px&#8221; module_alignment=&#8221;center&#8221; custom_margin=&#8221;0px||10px||false|false&#8221; global_colors_info=&#8221;{}&#8221;][\/et_pb_image][\/et_pb_column][\/et_pb_row][et_pb_row column_structure=&#8221;1_3,2_3&#8243; _builder_version=&#8221;4.27.4&#8243; width=&#8221;90%&#8221; custom_padding=&#8221;||||false|true&#8221; animation_style=&#8221;fade&#8221; animation_duration=&#8221;450ms&#8221; border_width_bottom=&#8221;2px&#8221; border_color_bottom=&#8221;rgba(66,158,85,0.5)&#8221; border_style_bottom=&#8221;dotted&#8221; global_colors_info=&#8221;{}&#8221;][et_pb_column type=&#8221;1_3&#8243; _builder_version=&#8221;4.27.4&#8243; _module_preset=&#8221;default&#8221; global_colors_info=&#8221;{}&#8221;][et_pb_image src=&#8221;https:\/\/www.diccionaridemedicina.app\/web\/wp-content\/uploads\/dibuixos\/discapacitat-Clara-OriolMartorell.jpg&#8221; title_text=&#8221;Clara &#8211; Oriol Martorell&#8221; align=&#8221;center&#8221; _builder_version=&#8221;4.27.4&#8243; _module_preset=&#8221;default&#8221; max_width=&#8221;220px&#8221; module_alignment=&#8221;center&#8221; custom_margin=&#8221;0px||10px||false|false&#8221; global_colors_info=&#8221;{}&#8221;][\/et_pb_image][\/et_pb_column][et_pb_column type=&#8221;2_3&#8243; _builder_version=&#8221;4.16&#8243; global_colors_info=&#8221;{}&#8221;][et_pb_text _builder_version=&#8221;4.24.3&#8243; text_font_size=&#8221;1.1rem&#8221; text_line_height=&#8221;1.8rem&#8221; header_2_text_color=&#8221;#814996&#8243; header_2_font_size=&#8221;42px&#8221; custom_padding=&#8221;40px||||false|false&#8221; custom_padding_tablet=&#8221;0px||||false|false&#8221; custom_padding_phone=&#8221;0px||||false|false&#8221; custom_padding_last_edited=&#8221;on|desktop&#8221; global_colors_info=&#8221;{}&#8221;]<\/p>\n<p><strong>Finalista<\/strong> Lilly fundazioaren MEDES 2019 sarietan gaztelania ezagutza biomedikoaren hedapenerako erabiltzea sustatzeko ekimen onenen arloan, <em>\u201cJugando a definir la ciencia: diccionarios, juegos, apps y v\u00eddeos\u201d<\/em> proiektuarekin, 2019ko abenduan.<\/p>\n<p>[\/et_pb_text][\/et_pb_column][\/et_pb_row][et_pb_row column_structure=&#8221;2_3,1_3&#8243; _builder_version=&#8221;4.19.0&#8243; width=&#8221;90%&#8221; custom_padding=&#8221;||||false|true&#8221; animation_style=&#8221;fade&#8221; animation_duration=&#8221;450ms&#8221; border_width_bottom=&#8221;2px&#8221; border_color_bottom=&#8221;rgba(66,158,85,0.5)&#8221; border_style_bottom=&#8221;dotted&#8221; global_colors_info=&#8221;{}&#8221;][et_pb_column type=&#8221;2_3&#8243; _builder_version=&#8221;4.16&#8243; global_colors_info=&#8221;{}&#8221;][et_pb_text _builder_version=&#8221;4.19.0&#8243; text_font_size=&#8221;1.1rem&#8221; text_line_height=&#8221;1.8rem&#8221; header_2_text_color=&#8221;#814996&#8243; header_2_font_size=&#8221;42px&#8221; custom_padding=&#8221;40px||||false|false&#8221; custom_padding_tablet=&#8221;0px||||false|false&#8221; custom_padding_phone=&#8221;0px||||false|false&#8221; custom_padding_last_edited=&#8221;on|desktop&#8221; global_colors_info=&#8221;{}&#8221;]<\/p>\n<p><strong>Irabazle<\/strong> Pompeu Fabra Unibertsitateko gizarte-kontseiluaren erantzukizun sozial unibertsitarioko proiektuen lehiaketan, <em>&#8220;Palabras en las salas de espera de pediatr\u00eda&#8221;<\/em> proiektuarekin. Egileak: Rosa Estop\u00e0, Jorge Porras eta Laia Vidal (PF Unibertsitateko itzulpengintza eta hizkuntza-zientziak saila) eta M. \u00c0ngels L\u00f3pez (Hospital del Mar ospitaleko pediatria-arloko burua). <\/p>\n<p>[\/et_pb_text][\/et_pb_column][et_pb_column type=&#8221;1_3&#8243; _builder_version=&#8221;4.16&#8243; global_colors_info=&#8221;{}&#8221;][et_pb_image src=&#8221;https:\/\/www.diccionaridemedicina.app\/web\/wp-content\/uploads\/dibuixos\/lexcovid\/pandemia-N2-Denisa-AlonsoErcilla.jpg&#8221; title_text=&#8221;Denisa &#8211; Alonso Ercilla&#8221; align=&#8221;center&#8221; _builder_version=&#8221;4.27.4&#8243; _module_preset=&#8221;default&#8221; max_width=&#8221;220px&#8221; module_alignment=&#8221;center&#8221; custom_margin=&#8221;0px||10px||false|false&#8221; global_colors_info=&#8221;{}&#8221;][\/et_pb_image][\/et_pb_column][\/et_pb_row][et_pb_row _builder_version=&#8221;4.27.4&#8243; width=&#8221;90%&#8221; custom_padding=&#8221;||||false|true&#8221; animation_style=&#8221;fade&#8221; animation_duration=&#8221;450ms&#8221; border_width_bottom=&#8221;2px&#8221; border_color_bottom=&#8221;rgba(66,158,85,0.5)&#8221; border_style_bottom=&#8221;dotted&#8221; global_colors_info=&#8221;{}&#8221;][et_pb_column type=&#8221;4_4&#8243; _builder_version=&#8221;4.16&#8243; global_colors_info=&#8221;{}&#8221;][et_pb_image src=&#8221;https:\/\/www.diccionaridemedicina.app\/web\/wp-content\/uploads\/2025\/07\/Logo-Dixi-EU.png&#8221; title_text=&#8221;Diximed pediatriarako&#8221; _builder_version=&#8221;4.27.4&#8243; _module_preset=&#8221;default&#8221; max_width=&#8221;600px&#8221; module_alignment=&#8221;center&#8221; custom_margin=&#8221;2rem||2rem||true|false&#8221; hover_enabled=&#8221;0&#8243; global_colors_info=&#8221;{}&#8221; animation_style=&#8221;zoom&#8221; animation_intensity_zoom=&#8221;16%&#8221; animation_duration=&#8221;600ms&#8221; sticky_enabled=&#8221;0&#8243;][\/et_pb_image][\/et_pb_column][\/et_pb_row][\/et_pb_section][et_pb_section fb_built=&#8221;1&#8243; _builder_version=&#8221;4.19.0&#8243; _module_preset=&#8221;default&#8221; custom_padding=&#8221;0px|||||&#8221; global_colors_info=&#8221;{}&#8221;][et_pb_row use_custom_gutter=&#8221;on&#8221; gutter_width=&#8221;2&#8243; make_equal=&#8221;on&#8221; module_class=&#8221;row-fila-logos-flex&#8221; _builder_version=&#8221;4.27.4&#8243; module_alignment=&#8221;center&#8221; custom_margin=&#8221;0px||45px||false|false&#8221; custom_padding=&#8221;20px||20px||true|false&#8221; border_color_bottom=&#8221;rgba(66,158,85,0.5)&#8221; border_style_bottom=&#8221;dotted&#8221; global_colors_info=&#8221;{}&#8221;][et_pb_column type=&#8221;4_4&#8243; _builder_version=&#8221;4.27.4&#8243; global_colors_info=&#8221;{}&#8221;][et_pb_image src=&#8221;https:\/\/www.diccionaridemedicina.app\/web\/wp-content\/uploads\/2024\/12\/logo-collaboradors-UFP-Iulaterm.png&#8221; title_text=&#8221;Universitat Pompeu Fabra Iulaterm&#8221; _builder_version=&#8221;4.27.4&#8243; global_colors_info=&#8221;{}&#8221;][\/et_pb_image][et_pb_image src=&#8221;https:\/\/www.diccionaridemedicina.app\/web\/wp-content\/uploads\/2024\/12\/logo-collaboradors-COMG.png&#8221; title_text=&#8221;COMG&#8221; _builder_version=&#8221;4.27.4&#8243; global_colors_info=&#8221;{}&#8221;][\/et_pb_image][et_pb_image src=&#8221;https:\/\/www.diccionaridemedicina.app\/web\/wp-content\/uploads\/2024\/12\/logo-collaboradors-Publicacions-Abadia-Montserrat.png&#8221; title_text=&#8221;Publicacions de l&#039;Abadia de Montserrat&#8221; _builder_version=&#8221;4.27.4&#8243; global_colors_info=&#8221;{}&#8221;][\/et_pb_image][et_pb_image src=&#8221;https:\/\/www.diccionaridemedicina.app\/web\/wp-content\/uploads\/2024\/12\/logo-collaboradors-Hospital-del-Mar.png&#8221; title_text=&#8221;Hospital del Mar Barcelona&#8221; _builder_version=&#8221;4.27.4&#8243; global_colors_info=&#8221;{}&#8221;][\/et_pb_image][et_pb_image src=&#8221;https:\/\/www.diccionaridemedicina.app\/web\/wp-content\/uploads\/2024\/12\/logo-collaboradors-Escola-Annexa.png&#8221; title_text=&#8221;Escola Annexa&#8221; _builder_version=&#8221;4.27.4&#8243; custom_css_free_form=&#8221;selector { max-width:90px !important; }&#8221; global_colors_info=&#8221;{}&#8221;][\/et_pb_image][\/et_pb_column][\/et_pb_row][\/et_pb_section][et_pb_section fb_built=&#8221;1&#8243; prev_background_color=&#8221;#ffffff&#8221; _builder_version=&#8221;4.16&#8243; background_enable_color=&#8221;off&#8221; use_background_color_gradient=&#8221;on&#8221; background_color_gradient_stops=&#8221;#52a1c2 0%|#89bf4e 100%&#8221; background_color_gradient_start=&#8221;#52a1c2&#8243; background_color_gradient_end=&#8221;#89bf4e&#8221; top_divider_style=&#8221;clouds2&#8243; background_color_gradient_stops_tablet=&#8221;#52a1c2 0%|#89bf4e 100%&#8221; background_color_gradient_stops_phone=&#8221;#52a1c2 0%|#89bf4e 100%&#8221; border_width_bottom=&#8221;2px&#8221; border_color_bottom=&#8221;#ffffff&#8221; global_module=&#8221;4511&#8243; saved_tabs=&#8221;all&#8221; global_colors_info=&#8221;{}&#8221;][et_pb_row _builder_version=&#8221;4.27.4&#8243; border_color_bottom=&#8221;rgba(66,158,85,0.5)&#8221; border_style_bottom=&#8221;dotted&#8221; global_colors_info=&#8221;{}&#8221;][et_pb_column type=&#8221;4_4&#8243; _builder_version=&#8221;4.16&#8243; global_colors_info=&#8221;{}&#8221;][et_pb_divider show_divider=&#8221;off&#8221; _builder_version=&#8221;4.16&#8243; global_colors_info=&#8221;{}&#8221;][\/et_pb_divider][\/et_pb_column][\/et_pb_row][\/et_pb_section][et_pb_section fb_built=&#8221;1&#8243; admin_label=&#8221;Secci\u00f3 Cards Links&#8221; module_class=&#8221;row-cards-seccions&#8221; _builder_version=&#8221;4.19.0&#8243; background_color=&#8221;#3d398e&#8221; custom_margin=&#8221;0px|0px|0px|0px|true|true&#8221; custom_padding=&#8221;0px|0px|0px|0px|true|true&#8221; global_module=&#8221;2071&#8243; global_colors_info=&#8221;{}&#8221;][et_pb_row column_structure=&#8221;1_4,1_4,1_4,1_4&#8243; _builder_version=&#8221;4.27.4&#8243; _module_preset=&#8221;ffc3ae23-75df-4d7c-bbad-b9ba16f8cb1b&#8221; global_colors_info=&#8221;{}&#8221;][et_pb_column type=&#8221;1_4&#8243; _builder_version=&#8221;4.19.0&#8243; background_color=&#8221;gcid-624f086e-d20b-4caa-9ce3-022dd6566686&#8243; global_colors_info=&#8221;{%22gcid-624f086e-d20b-4caa-9ce3-022dd6566686%22:%91%22background_color%22%93}&#8221;][et_pb_cta title=&#8221;hiztegia&#8221; button_url=&#8221;@ET-DC@eyJkeW5hbWljIjp0cnVlLCJjb250ZW50IjoicG9zdF9saW5rX3VybF9wYWdlIiwic2V0dGluZ3MiOnsicG9zdF9pZCI6IjgyIn19@&#8221; button_text=&#8221;ikus hiztegia&#8221; _builder_version=&#8221;4.27.4&#8243; _dynamic_attributes=&#8221;button_url,link_option_url&#8221; _module_preset=&#8221;4d86b8bb-32a7-44ec-99eb-77de90da6af3&#8243; link_option_url=&#8221;@ET-DC@eyJkeW5hbWljIjp0cnVlLCJjb250ZW50IjoicG9zdF9saW5rX3VybF9wYWdlIiwic2V0dGluZ3MiOnsicG9zdF9pZCI6IjgyIn19@&#8221; global_colors_info=&#8221;{}&#8221;]<\/p>\n<p>Hiztegiaren corpus lexikografikoa, alfabetoaren hurrenkeran.<\/p>\n<p>[\/et_pb_cta][\/et_pb_column][et_pb_column type=&#8221;1_4&#8243; _builder_version=&#8221;4.19.0&#8243; background_color=&#8221;gcid-32db61ed-e48a-45de-8f3f-161bcc35538f&#8221; global_colors_info=&#8221;{%22gcid-32db61ed-e48a-45de-8f3f-161bcc35538f%22:%91%22background_color%22%93}&#8221;][et_pb_cta title=&#8221;atlasa&#8221; button_url=&#8221;@ET-DC@eyJkeW5hbWljIjp0cnVlLCJjb250ZW50IjoicG9zdF9saW5rX3VybF9wYWdlIiwic2V0dGluZ3MiOnsicG9zdF9pZCI6Ijc5NCJ9fQ==@&#8221; button_text=&#8221;ikus atlasa&#8221; _builder_version=&#8221;4.27.4&#8243; _dynamic_attributes=&#8221;button_url,link_option_url&#8221; _module_preset=&#8221;4d86b8bb-32a7-44ec-99eb-77de90da6af3&#8243; background_color=&#8221;gcid-32db61ed-e48a-45de-8f3f-161bcc35538f&#8221; background_image=&#8221;https:\/\/www.diccionaridemedicina.app\/web\/wp-content\/uploads\/2024\/12\/general-atles-perfil-1-1.png&#8221; background_size=&#8221;contain&#8221; background_position=&#8221;center_left&#8221; background_blend=&#8221;multiply&#8221; transform_translate_linked__hover=&#8221;off&#8221; z_index=&#8221;0&#8243; link_option_url=&#8221;@ET-DC@eyJkeW5hbWljIjp0cnVlLCJjb250ZW50IjoicG9zdF9saW5rX3VybF9wYWdlIiwic2V0dGluZ3MiOnsicG9zdF9pZCI6Ijc5NCJ9fQ==@&#8221; z_index_last_edited=&#8221;off|desktop&#8221; global_colors_info=&#8221;{%22gcid-624f086e-d20b-4caa-9ce3-022dd6566686%22:%91%22background_color%22%93,%22gcid-32db61ed-e48a-45de-8f3f-161bcc35538f%22:%91%22background_color%22%93}&#8221; transform_styles__hover_enabled=&#8221;on|desktop&#8221; transform_translate__hover_enabled=&#8221;on|desktop&#8221; transform_rotate__hover_enabled=&#8221;on|desktop&#8221; transform_skew__hover_enabled=&#8221;on|desktop&#8221; transform_translate__hover=&#8221;&#8221; transform_origin__hover=&#8221;50%|100%&#8221;]<\/p>\n<p>Giza gorputzari buruzko irudiak eta osasunarekin eta medikuntzarekin erlazionatutako beste eduki batzuk.<\/p>\n<p>[\/et_pb_cta][\/et_pb_column][et_pb_column type=&#8221;1_4&#8243; _builder_version=&#8221;4.19.0&#8243; background_color=&#8221;gcid-946454a8-72a2-44a7-ac42-03f1dedcb092&#8243; global_colors_info=&#8221;{%22gcid-946454a8-72a2-44a7-ac42-03f1dedcb092%22:%91%22background_color%22%93}&#8221;][et_pb_cta title=&#8221;jarduerak&#8221; button_url=&#8221;@ET-DC@eyJkeW5hbWljIjp0cnVlLCJjb250ZW50IjoicG9zdF9saW5rX3VybF9wYWdlIiwic2V0dGluZ3MiOnsicG9zdF9pZCI6IjEyMjAifX0=@&#8221; button_text=&#8221;ikus jarduerak&#8221; _builder_version=&#8221;4.27.4&#8243; _dynamic_attributes=&#8221;button_url,link_option_url&#8221; _module_preset=&#8221;4d86b8bb-32a7-44ec-99eb-77de90da6af3&#8243; background_color=&#8221;gcid-946454a8-72a2-44a7-ac42-03f1dedcb092&#8243; background_image=&#8221;https:\/\/www.diccionaridemedicina.app\/web\/wp-content\/uploads\/2024\/12\/icona-activitats.png&#8221; background_size=&#8221;contain&#8221; background_position=&#8221;center_right&#8221; transform_translate_linked__hover=&#8221;off&#8221; link_option_url=&#8221;@ET-DC@eyJkeW5hbWljIjp0cnVlLCJjb250ZW50IjoicG9zdF9saW5rX3VybF9wYWdlIiwic2V0dGluZ3MiOnsicG9zdF9pZCI6IjEyMjAifX0=@&#8221; global_colors_info=&#8221;{%22gcid-624f086e-d20b-4caa-9ce3-022dd6566686%22:%91%22background_color%22%93,%22gcid-946454a8-72a2-44a7-ac42-03f1dedcb092%22:%91%22background_color%22%93}&#8221; transform_styles__hover_enabled=&#8221;on|desktop&#8221; transform_origin__hover_enabled=&#8221;on|desktop&#8221; transform_translate__hover=&#8221;&#8221; transform_translate__hover_enabled=&#8221;on|desktop&#8221; transform_origin__hover=&#8221;50%|100%&#8221;]<\/p>\n<p>Jolas interaktiboak, hiztegiaren edukira modu dibertigarrian hurbiltzeko.<\/p>\n<p>[\/et_pb_cta][\/et_pb_column][et_pb_column type=&#8221;1_4&#8243; _builder_version=&#8221;4.19.0&#8243; background_color=&#8221;gcid-f9b9f18f-d1ff-470f-bcd0-8275101ac74e&#8221; global_colors_info=&#8221;{%22gcid-f9b9f18f-d1ff-470f-bcd0-8275101ac74e%22:%91%22background_color%22%93}&#8221;][et_pb_cta title=&#8221;covid-19&#8243; button_url=&#8221;@ET-DC@eyJkeW5hbWljIjp0cnVlLCJjb250ZW50IjoicG9zdF9saW5rX3VybF9wYWdlIiwic2V0dGluZ3MiOnsicG9zdF9pZCI6IjU1NTYifX0=@&#8221; button_text=&#8221;ikus lexcovid&#8221; _builder_version=&#8221;4.27.4&#8243; _dynamic_attributes=&#8221;button_url,link_option_url&#8221; _module_preset=&#8221;4d86b8bb-32a7-44ec-99eb-77de90da6af3&#8243; background_color=&#8221;gcid-f9b9f18f-d1ff-470f-bcd0-8275101ac74e&#8221; background_image=&#8221;https:\/\/www.diccionaridemedicina.app\/web\/wp-content\/uploads\/2024\/12\/icona-lexcovid.png&#8221; background_size=&#8221;custom&#8221; background_image_width=&#8221;150px&#8221; background_position=&#8221;top_right&#8221; background_vertical_offset=&#8221;10%&#8221; transform_translate_linked__hover=&#8221;off&#8221; link_option_url=&#8221;@ET-DC@eyJkeW5hbWljIjp0cnVlLCJjb250ZW50IjoicG9zdF9saW5rX3VybF9wYWdlIiwic2V0dGluZ3MiOnsicG9zdF9pZCI6IjU1NTYifX0=@&#8221; global_colors_info=&#8221;{%22gcid-624f086e-d20b-4caa-9ce3-022dd6566686%22:%91%22background_color%22%93,%22gcid-f9b9f18f-d1ff-470f-bcd0-8275101ac74e%22:%91%22background_color%22%93}&#8221; transform_styles__hover_enabled=&#8221;on|desktop&#8221; transform_origin__hover_enabled=&#8221;on|desktop&#8221; transform_translate__hover=&#8221;&#8221; transform_translate__hover_enabled=&#8221;on|desktop&#8221; transform_origin__hover=&#8221;50%|100%&#8221;]<\/p>\n<p>COVID-19a gaixotasun infekzioso bat da, oso kutsakorra, eta birus batek eragiten du; zehazki, SARS-COV-2 izeneko koronabirus batek.<\/p>\n<p>[\/et_pb_cta][\/et_pb_column][\/et_pb_row][\/et_pb_section]<\/p>\n","protected":false},"excerpt":{"rendered":"<p>Diximed pediatriarako. Rosa Estop\u00e0 (dir). Hiztegia, atlasa, lexcovid eta jarduerak.  <\/p>\n","protected":false},"author":1,"featured_media":22234,"parent":0,"menu_order":9,"comment_status":"closed","ping_status":"closed","template":"","meta":{"_et_pb_use_builder":"on","_et_pb_old_content":"","_et_gb_content_width":"","iawp_total_views":13,"footnotes":""},"class_list":["post-22233","page","type-page","status-publish","has-post-thumbnail","hentry"],"_links":{"self":[{"href":"https:\/\/www.diccionaridemedicina.app\/web\/eu\/wp-json\/wp\/v2\/pages\/22233","targetHints":{"allow":["GET"]}}],"collection":[{"href":"https:\/\/www.diccionaridemedicina.app\/web\/eu\/wp-json\/wp\/v2\/pages"}],"about":[{"href":"https:\/\/www.diccionaridemedicina.app\/web\/eu\/wp-json\/wp\/v2\/types\/page"}],"author":[{"embeddable":true,"href":"https:\/\/www.diccionaridemedicina.app\/web\/eu\/wp-json\/wp\/v2\/users\/1"}],"replies":[{"embeddable":true,"href":"https:\/\/www.diccionaridemedicina.app\/web\/eu\/wp-json\/wp\/v2\/comments?post=22233"}],"version-history":[{"count":3,"href":"https:\/\/www.diccionaridemedicina.app\/web\/eu\/wp-json\/wp\/v2\/pages\/22233\/revisions"}],"predecessor-version":[{"id":23223,"href":"https:\/\/www.diccionaridemedicina.app\/web\/eu\/wp-json\/wp\/v2\/pages\/22233\/revisions\/23223"}],"wp:featuredmedia":[{"embeddable":true,"href":"https:\/\/www.diccionaridemedicina.app\/web\/eu\/wp-json\/wp\/v2\/media\/22234"}],"wp:attachment":[{"href":"https:\/\/www.diccionaridemedicina.app\/web\/eu\/wp-json\/wp\/v2\/media?parent=22233"}],"curies":[{"name":"wp","href":"https:\/\/api.w.org\/{rel}","templated":true}]}}